{"id":1618,"date":"2020-08-28T20:03:55","date_gmt":"2020-08-28T20:30:23","guid":{"rendered":"https:\/\/shuttlesfrombudapest.com\/?post_type=product&#038;p=1618"},"modified":"2025-02-06T18:02:34","modified_gmt":"2025-02-06T18:02:34","slug":"konnyed-hajos-vacsora-es-elo-show","status":"publish","type":"product","link":"https:\/\/shuttlesfrombudapest.com\/hu\/termek\/konnyed-hajos-vacsora-es-elo-show\/","title":{"rendered":"K\u00f6nnyed haj\u00f3s Vacsora \u00e9s \u00e9l\u0151 show"},"content":{"rendered":"","protected":false},"excerpt":{"rendered":"<p>Haj\u00f3s vacsora 2 fog\u00e1ssal \u00e9s v\u00e1laszthat\u00f3 m\u0171soros programmal! Magyar Folkl\u00f3r vagy Romantikus Zongora Show!<\/p>\n","protected":false},"featured_media":1291,"comment_status":"open","ping_status":"closed","template":"","meta":[],"product_cat":[56,54],"product_tag":[],"class_list":{"0":"post-1618","1":"product","2":"type-product","3":"status-publish","4":"has-post-thumbnail","6":"product_cat-hajozas","7":"product_cat-tura","9":"first","10":"instock","11":"virtual","12":"sold-individually","13":"purchasable","14":"product-type-booking","15":"prodpage-classic"},"yoast_head":"<!-- This site is optimized with the Yoast SEO plugin v24.0 - https:\/\/yoast.com\/wordpress\/plugins\/seo\/ -->\n<title>K\u00f6nnyed haj\u00f3s Vacsora \u00e9s \u00e9l\u0151 show - Private Airport Transfers, Tours, Packages<\/title>\n<meta name=\"description\" content=\"2-fog\u00e1sos haj\u00f3s vacsora a Dun\u00e1n! Csatlakozzon k\u00f6nnyed programunkhoz, ahol \u00e9l\u0151zene \u00e9s Budapest fantasztikus panor\u00e1m\u00e1ja lehet a partnere egy est\u00e9re!\" \/>\n<meta name=\"robots\" content=\"index, follow, max-snippet:-1, max-image-preview:large, max-video-preview:-1\" \/>\n<link rel=\"canonical\" href=\"https:\/\/shuttlesfrombudapest.com\/hu\/termek\/konnyed-hajos-vacsora-es-elo-show\/\" \/>\n<meta property=\"og:locale\" content=\"hu_HU\" \/>\n<meta property=\"og:type\" content=\"article\" \/>\n<meta property=\"og:title\" content=\"K\u00f6nnyed haj\u00f3s Vacsora \u00e9s \u00e9l\u0151 show - Private Airport Transfers, Tours, Packages\" \/>\n<meta property=\"og:description\" content=\"2-fog\u00e1sos haj\u00f3s vacsora a Dun\u00e1n! Csatlakozzon k\u00f6nnyed programunkhoz, ahol \u00e9l\u0151zene \u00e9s Budapest fantasztikus panor\u00e1m\u00e1ja lehet a partnere egy est\u00e9re!\" \/>\n<meta property=\"og:url\" content=\"https:\/\/shuttlesfrombudapest.com\/hu\/termek\/konnyed-hajos-vacsora-es-elo-show\/\" \/>\n<meta property=\"og:site_name\" content=\"Private Airport Transfers, Tours, Packages\" \/>\n<meta property=\"article:modified_time\" content=\"2025-02-06T18:02:34+00:00\" \/>\n<meta property=\"og:image\" content=\"https:\/\/shuttlesfrombudapest.com\/wp-content\/uploads\/2020\/07\/budapest-hajozas-dunan.jpg\" \/>\n\t<meta property=\"og:image:width\" content=\"1110\" \/>\n\t<meta property=\"og:image:height\" content=\"530\" \/>\n\t<meta property=\"og:image:type\" content=\"image\/jpeg\" \/>\n<meta name=\"twitter:card\" content=\"summary_large_image\" \/>\n<script type=\"application\/ld+json\" class=\"yoast-schema-graph\">{\"@context\":\"https:\/\/schema.org\",\"@graph\":[{\"@type\":\"WebPage\",\"@id\":\"https:\/\/shuttlesfrombudapest.com\/hu\/termek\/konnyed-hajos-vacsora-es-elo-show\/\",\"url\":\"https:\/\/shuttlesfrombudapest.com\/hu\/termek\/konnyed-hajos-vacsora-es-elo-show\/\",\"name\":\"K\u00f6nnyed haj\u00f3s Vacsora \u00e9s \u00e9l\u0151 show - Private Airport Transfers, Tours, Packages\",\"isPartOf\":{\"@id\":\"https:\/\/shuttlesfrombudapest.com\/hu\/#website\"},\"primaryImageOfPage\":{\"@id\":\"https:\/\/shuttlesfrombudapest.com\/hu\/termek\/konnyed-hajos-vacsora-es-elo-show\/#primaryimage\"},\"image\":{\"@id\":\"https:\/\/shuttlesfrombudapest.com\/hu\/termek\/konnyed-hajos-vacsora-es-elo-show\/#primaryimage\"},\"thumbnailUrl\":\"https:\/\/shuttlesfrombudapest.com\/wp-content\/uploads\/2020\/07\/budapest-hajozas-dunan.jpg\",\"datePublished\":\"2020-08-28T20:30:23+00:00\",\"dateModified\":\"2025-02-06T18:02:34+00:00\",\"description\":\"2-fog\u00e1sos haj\u00f3s vacsora a Dun\u00e1n! Csatlakozzon k\u00f6nnyed programunkhoz, ahol \u00e9l\u0151zene \u00e9s Budapest fantasztikus panor\u00e1m\u00e1ja lehet a partnere egy est\u00e9re!\",\"breadcrumb\":{\"@id\":\"https:\/\/shuttlesfrombudapest.com\/hu\/termek\/konnyed-hajos-vacsora-es-elo-show\/#breadcrumb\"},\"inLanguage\":\"hu\",\"potentialAction\":[{\"@type\":\"ReadAction\",\"target\":[\"https:\/\/shuttlesfrombudapest.com\/hu\/termek\/konnyed-hajos-vacsora-es-elo-show\/\"]}]},{\"@type\":\"ImageObject\",\"inLanguage\":\"hu\",\"@id\":\"https:\/\/shuttlesfrombudapest.com\/hu\/termek\/konnyed-hajos-vacsora-es-elo-show\/#primaryimage\",\"url\":\"https:\/\/shuttlesfrombudapest.com\/wp-content\/uploads\/2020\/07\/budapest-hajozas-dunan.jpg\",\"contentUrl\":\"https:\/\/shuttlesfrombudapest.com\/wp-content\/uploads\/2020\/07\/budapest-hajozas-dunan.jpg\",\"width\":1110,\"height\":530,\"caption\":\"budapest hajozas dunan\"},{\"@type\":\"BreadcrumbList\",\"@id\":\"https:\/\/shuttlesfrombudapest.com\/hu\/termek\/konnyed-hajos-vacsora-es-elo-show\/#breadcrumb\",\"itemListElement\":[{\"@type\":\"ListItem\",\"position\":1,\"name\":\"Home\",\"item\":\"https:\/\/shuttlesfrombudapest.com\/hu\/\"},{\"@type\":\"ListItem\",\"position\":2,\"name\":\"Term\u00e9kek\",\"item\":\"https:\/\/shuttlesfrombudapest.com\/hu\/shop\/\"},{\"@type\":\"ListItem\",\"position\":3,\"name\":\"K\u00f6nnyed haj\u00f3s Vacsora \u00e9s \u00e9l\u0151 show\"}]},{\"@type\":\"WebSite\",\"@id\":\"https:\/\/shuttlesfrombudapest.com\/hu\/#website\",\"url\":\"https:\/\/shuttlesfrombudapest.com\/hu\/\",\"name\":\"Private Airport Transfers, Tours, Packages\",\"description\":\"- Order Today, Travel Tomorrow\",\"potentialAction\":[{\"@type\":\"SearchAction\",\"target\":{\"@type\":\"EntryPoint\",\"urlTemplate\":\"https:\/\/shuttlesfrombudapest.com\/hu\/?s={search_term_string}\"},\"query-input\":{\"@type\":\"PropertyValueSpecification\",\"valueRequired\":true,\"valueName\":\"search_term_string\"}}],\"inLanguage\":\"hu\"}]}<\/script>\n<!-- \/ Yoast SEO plugin. -->","yoast_head_json":{"title":"K\u00f6nnyed haj\u00f3s Vacsora \u00e9s \u00e9l\u0151 show - Private Airport Transfers, Tours, Packages","description":"2-fog\u00e1sos haj\u00f3s vacsora a Dun\u00e1n! Csatlakozzon k\u00f6nnyed programunkhoz, ahol \u00e9l\u0151zene \u00e9s Budapest fantasztikus panor\u00e1m\u00e1ja lehet a partnere egy est\u00e9re!","robots":{"index":"index","follow":"follow","max-snippet":"max-snippet:-1","max-image-preview":"max-image-preview:large","max-video-preview":"max-video-preview:-1"},"canonical":"https:\/\/shuttlesfrombudapest.com\/hu\/termek\/konnyed-hajos-vacsora-es-elo-show\/","og_locale":"hu_HU","og_type":"article","og_title":"K\u00f6nnyed haj\u00f3s Vacsora \u00e9s \u00e9l\u0151 show - Private Airport Transfers, Tours, Packages","og_description":"2-fog\u00e1sos haj\u00f3s vacsora a Dun\u00e1n! Csatlakozzon k\u00f6nnyed programunkhoz, ahol \u00e9l\u0151zene \u00e9s Budapest fantasztikus panor\u00e1m\u00e1ja lehet a partnere egy est\u00e9re!","og_url":"https:\/\/shuttlesfrombudapest.com\/hu\/termek\/konnyed-hajos-vacsora-es-elo-show\/","og_site_name":"Private Airport Transfers, Tours, Packages","article_modified_time":"2025-02-06T18:02:34+00:00","og_image":[{"width":1110,"height":530,"url":"https:\/\/shuttlesfrombudapest.com\/wp-content\/uploads\/2020\/07\/budapest-hajozas-dunan.jpg","type":"image\/jpeg"}],"twitter_card":"summary_large_image","schema":{"@context":"https:\/\/schema.org","@graph":[{"@type":"WebPage","@id":"https:\/\/shuttlesfrombudapest.com\/hu\/termek\/konnyed-hajos-vacsora-es-elo-show\/","url":"https:\/\/shuttlesfrombudapest.com\/hu\/termek\/konnyed-hajos-vacsora-es-elo-show\/","name":"K\u00f6nnyed haj\u00f3s Vacsora \u00e9s \u00e9l\u0151 show - Private Airport Transfers, Tours, Packages","isPartOf":{"@id":"https:\/\/shuttlesfrombudapest.com\/hu\/#website"},"primaryImageOfPage":{"@id":"https:\/\/shuttlesfrombudapest.com\/hu\/termek\/konnyed-hajos-vacsora-es-elo-show\/#primaryimage"},"image":{"@id":"https:\/\/shuttlesfrombudapest.com\/hu\/termek\/konnyed-hajos-vacsora-es-elo-show\/#primaryimage"},"thumbnailUrl":"https:\/\/shuttlesfrombudapest.com\/wp-content\/uploads\/2020\/07\/budapest-hajozas-dunan.jpg","datePublished":"2020-08-28T20:30:23+00:00","dateModified":"2025-02-06T18:02:34+00:00","description":"2-fog\u00e1sos haj\u00f3s vacsora a Dun\u00e1n! Csatlakozzon k\u00f6nnyed programunkhoz, ahol \u00e9l\u0151zene \u00e9s Budapest fantasztikus panor\u00e1m\u00e1ja lehet a partnere egy est\u00e9re!","breadcrumb":{"@id":"https:\/\/shuttlesfrombudapest.com\/hu\/termek\/konnyed-hajos-vacsora-es-elo-show\/#breadcrumb"},"inLanguage":"hu","potentialAction":[{"@type":"ReadAction","target":["https:\/\/shuttlesfrombudapest.com\/hu\/termek\/konnyed-hajos-vacsora-es-elo-show\/"]}]},{"@type":"ImageObject","inLanguage":"hu","@id":"https:\/\/shuttlesfrombudapest.com\/hu\/termek\/konnyed-hajos-vacsora-es-elo-show\/#primaryimage","url":"https:\/\/shuttlesfrombudapest.com\/wp-content\/uploads\/2020\/07\/budapest-hajozas-dunan.jpg","contentUrl":"https:\/\/shuttlesfrombudapest.com\/wp-content\/uploads\/2020\/07\/budapest-hajozas-dunan.jpg","width":1110,"height":530,"caption":"budapest hajozas dunan"},{"@type":"BreadcrumbList","@id":"https:\/\/shuttlesfrombudapest.com\/hu\/termek\/konnyed-hajos-vacsora-es-elo-show\/#breadcrumb","itemListElement":[{"@type":"ListItem","position":1,"name":"Home","item":"https:\/\/shuttlesfrombudapest.com\/hu\/"},{"@type":"ListItem","position":2,"name":"Term\u00e9kek","item":"https:\/\/shuttlesfrombudapest.com\/hu\/shop\/"},{"@type":"ListItem","position":3,"name":"K\u00f6nnyed haj\u00f3s Vacsora \u00e9s \u00e9l\u0151 show"}]},{"@type":"WebSite","@id":"https:\/\/shuttlesfrombudapest.com\/hu\/#website","url":"https:\/\/shuttlesfrombudapest.com\/hu\/","name":"Private Airport Transfers, Tours, Packages","description":"- Order Today, Travel Tomorrow","potentialAction":[{"@type":"SearchAction","target":{"@type":"EntryPoint","urlTemplate":"https:\/\/shuttlesfrombudapest.com\/hu\/?s={search_term_string}"},"query-input":{"@type":"PropertyValueSpecification","valueRequired":true,"valueName":"search_term_string"}}],"inLanguage":"hu"}]}},"_links":{"self":[{"href":"https:\/\/shuttlesfrombudapest.com\/hu\/wp-json\/wp\/v2\/product\/1618","targetHints":{"allow":["GET"]}}],"collection":[{"href":"https:\/\/shuttlesfrombudapest.com\/hu\/wp-json\/wp\/v2\/product"}],"about":[{"href":"https:\/\/shuttlesfrombudapest.com\/hu\/wp-json\/wp\/v2\/types\/product"}],"replies":[{"embeddable":true,"href":"https:\/\/shuttlesfrombudapest.com\/hu\/wp-json\/wp\/v2\/comments?post=1618"}],"wp:featuredmedia":[{"embeddable":true,"href":"https:\/\/shuttlesfrombudapest.com\/hu\/wp-json\/wp\/v2\/media\/1291"}],"wp:attachment":[{"href":"https:\/\/shuttlesfrombudapest.com\/hu\/wp-json\/wp\/v2\/media?parent=1618"}],"wp:term":[{"taxonomy":"product_cat","embeddable":true,"href":"https:\/\/shuttlesfrombudapest.com\/hu\/wp-json\/wp\/v2\/product_cat?post=1618"},{"taxonomy":"product_tag","embeddable":true,"href":"https:\/\/shuttlesfrombudapest.com\/hu\/wp-json\/wp\/v2\/product_tag?post=1618"}],"curies":[{"name":"wp","href":"https:\/\/api.w.org\/{rel}","templated":true}]}}