{"id":1594,"date":"2020-06-21T15:09:39","date_gmt":"2020-08-27T10:58:48","guid":{"rendered":"https:\/\/shuttlesfrombudapest.com\/?post_type=product&#038;p=1594"},"modified":"2024-07-17T02:53:33","modified_gmt":"2024-07-17T02:53:33","slug":"folklor-program-budapest","status":"publish","type":"product","link":"https:\/\/shuttlesfrombudapest.com\/hu\/termek\/folklor-program-budapest\/","title":{"rendered":"Folkl\u00f3r &#038; Vacsora Budapesten"},"content":{"rendered":"","protected":false},"excerpt":{"rendered":"","protected":false},"featured_media":520,"comment_status":"open","ping_status":"closed","template":"","meta":[],"product_cat":[54],"product_tag":[],"class_list":{"0":"post-1594","1":"product","2":"type-product","3":"status-publish","4":"has-post-thumbnail","6":"product_cat-tura","8":"first","9":"instock","10":"virtual","11":"sold-individually","12":"purchasable","13":"product-type-booking","14":"prodpage-classic"},"yoast_head":"<!-- This site is optimized with the Yoast SEO plugin v24.0 - https:\/\/yoast.com\/wordpress\/plugins\/seo\/ -->\n<title>Folkl\u00f3r &amp; Vacsora Budapesten - Private Airport Transfers, Tours, Packages<\/title>\n<meta name=\"description\" content=\"Magyaros vacsor\u00e1hoz, magyaros program illik egy sz\u00e9p magyar v\u00e1rosban, mint Budapesten! \u00c9l\u0151 cig\u00e1ny zene, finom fog\u00e1sok \u00e9s csod\u00e1latos panor\u00e1ma!\" \/>\n<meta name=\"robots\" content=\"index, follow, max-snippet:-1, max-image-preview:large, max-video-preview:-1\" \/>\n<link rel=\"canonical\" href=\"https:\/\/shuttlesfrombudapest.com\/hu\/termek\/folklor-program-budapest\/\" \/>\n<meta property=\"og:locale\" content=\"hu_HU\" \/>\n<meta property=\"og:type\" content=\"article\" \/>\n<meta property=\"og:title\" content=\"Folkl\u00f3r &amp; Vacsora Budapesten - Private Airport Transfers, Tours, Packages\" \/>\n<meta property=\"og:description\" content=\"Magyaros vacsor\u00e1hoz, magyaros program illik egy sz\u00e9p magyar v\u00e1rosban, mint Budapesten! \u00c9l\u0151 cig\u00e1ny zene, finom fog\u00e1sok \u00e9s csod\u00e1latos panor\u00e1ma!\" \/>\n<meta property=\"og:url\" content=\"https:\/\/shuttlesfrombudapest.com\/hu\/termek\/folklor-program-budapest\/\" \/>\n<meta property=\"og:site_name\" content=\"Private Airport Transfers, Tours, Packages\" \/>\n<meta property=\"article:modified_time\" content=\"2024-07-17T02:53:33+00:00\" \/>\n<meta property=\"og:image\" content=\"https:\/\/shuttlesfrombudapest.com\/wp-content\/uploads\/2020\/06\/night-program-budapest.jpg\" \/>\n\t<meta property=\"og:image:width\" content=\"500\" \/>\n\t<meta property=\"og:image:height\" content=\"500\" \/>\n\t<meta property=\"og:image:type\" content=\"image\/jpeg\" \/>\n<meta name=\"twitter:card\" content=\"summary_large_image\" \/>\n<script type=\"application\/ld+json\" class=\"yoast-schema-graph\">{\"@context\":\"https:\/\/schema.org\",\"@graph\":[{\"@type\":\"WebPage\",\"@id\":\"https:\/\/shuttlesfrombudapest.com\/hu\/termek\/folklor-program-budapest\/\",\"url\":\"https:\/\/shuttlesfrombudapest.com\/hu\/termek\/folklor-program-budapest\/\",\"name\":\"Folkl\u00f3r & Vacsora Budapesten - Private Airport Transfers, Tours, Packages\",\"isPartOf\":{\"@id\":\"https:\/\/shuttlesfrombudapest.com\/hu\/#website\"},\"primaryImageOfPage\":{\"@id\":\"https:\/\/shuttlesfrombudapest.com\/hu\/termek\/folklor-program-budapest\/#primaryimage\"},\"image\":{\"@id\":\"https:\/\/shuttlesfrombudapest.com\/hu\/termek\/folklor-program-budapest\/#primaryimage\"},\"thumbnailUrl\":\"https:\/\/shuttlesfrombudapest.com\/wp-content\/uploads\/2020\/06\/night-program-budapest.jpg\",\"datePublished\":\"2020-08-27T10:58:48+00:00\",\"dateModified\":\"2024-07-17T02:53:33+00:00\",\"description\":\"Magyaros vacsor\u00e1hoz, magyaros program illik egy sz\u00e9p magyar v\u00e1rosban, mint Budapesten! \u00c9l\u0151 cig\u00e1ny zene, finom fog\u00e1sok \u00e9s csod\u00e1latos panor\u00e1ma!\",\"breadcrumb\":{\"@id\":\"https:\/\/shuttlesfrombudapest.com\/hu\/termek\/folklor-program-budapest\/#breadcrumb\"},\"inLanguage\":\"hu\",\"potentialAction\":[{\"@type\":\"ReadAction\",\"target\":[\"https:\/\/shuttlesfrombudapest.com\/hu\/termek\/folklor-program-budapest\/\"]}]},{\"@type\":\"ImageObject\",\"inLanguage\":\"hu\",\"@id\":\"https:\/\/shuttlesfrombudapest.com\/hu\/termek\/folklor-program-budapest\/#primaryimage\",\"url\":\"https:\/\/shuttlesfrombudapest.com\/wp-content\/uploads\/2020\/06\/night-program-budapest.jpg\",\"contentUrl\":\"https:\/\/shuttlesfrombudapest.com\/wp-content\/uploads\/2020\/06\/night-program-budapest.jpg\",\"width\":500,\"height\":500,\"caption\":\"night program budapest\"},{\"@type\":\"BreadcrumbList\",\"@id\":\"https:\/\/shuttlesfrombudapest.com\/hu\/termek\/folklor-program-budapest\/#breadcrumb\",\"itemListElement\":[{\"@type\":\"ListItem\",\"position\":1,\"name\":\"Home\",\"item\":\"https:\/\/shuttlesfrombudapest.com\/hu\/\"},{\"@type\":\"ListItem\",\"position\":2,\"name\":\"Term\u00e9kek\",\"item\":\"https:\/\/shuttlesfrombudapest.com\/hu\/shop\/\"},{\"@type\":\"ListItem\",\"position\":3,\"name\":\"Folkl\u00f3r &#038; Vacsora Budapesten\"}]},{\"@type\":\"WebSite\",\"@id\":\"https:\/\/shuttlesfrombudapest.com\/hu\/#website\",\"url\":\"https:\/\/shuttlesfrombudapest.com\/hu\/\",\"name\":\"Private Airport Transfers, Tours, Packages\",\"description\":\"- Order Today, Travel Tomorrow\",\"potentialAction\":[{\"@type\":\"SearchAction\",\"target\":{\"@type\":\"EntryPoint\",\"urlTemplate\":\"https:\/\/shuttlesfrombudapest.com\/hu\/?s={search_term_string}\"},\"query-input\":{\"@type\":\"PropertyValueSpecification\",\"valueRequired\":true,\"valueName\":\"search_term_string\"}}],\"inLanguage\":\"hu\"}]}<\/script>\n<!-- \/ Yoast SEO plugin. -->","yoast_head_json":{"title":"Folkl\u00f3r & Vacsora Budapesten - Private Airport Transfers, Tours, Packages","description":"Magyaros vacsor\u00e1hoz, magyaros program illik egy sz\u00e9p magyar v\u00e1rosban, mint Budapesten! \u00c9l\u0151 cig\u00e1ny zene, finom fog\u00e1sok \u00e9s csod\u00e1latos panor\u00e1ma!","robots":{"index":"index","follow":"follow","max-snippet":"max-snippet:-1","max-image-preview":"max-image-preview:large","max-video-preview":"max-video-preview:-1"},"canonical":"https:\/\/shuttlesfrombudapest.com\/hu\/termek\/folklor-program-budapest\/","og_locale":"hu_HU","og_type":"article","og_title":"Folkl\u00f3r & Vacsora Budapesten - Private Airport Transfers, Tours, Packages","og_description":"Magyaros vacsor\u00e1hoz, magyaros program illik egy sz\u00e9p magyar v\u00e1rosban, mint Budapesten! \u00c9l\u0151 cig\u00e1ny zene, finom fog\u00e1sok \u00e9s csod\u00e1latos panor\u00e1ma!","og_url":"https:\/\/shuttlesfrombudapest.com\/hu\/termek\/folklor-program-budapest\/","og_site_name":"Private Airport Transfers, Tours, Packages","article_modified_time":"2024-07-17T02:53:33+00:00","og_image":[{"width":500,"height":500,"url":"https:\/\/shuttlesfrombudapest.com\/wp-content\/uploads\/2020\/06\/night-program-budapest.jpg","type":"image\/jpeg"}],"twitter_card":"summary_large_image","schema":{"@context":"https:\/\/schema.org","@graph":[{"@type":"WebPage","@id":"https:\/\/shuttlesfrombudapest.com\/hu\/termek\/folklor-program-budapest\/","url":"https:\/\/shuttlesfrombudapest.com\/hu\/termek\/folklor-program-budapest\/","name":"Folkl\u00f3r & Vacsora Budapesten - Private Airport Transfers, Tours, Packages","isPartOf":{"@id":"https:\/\/shuttlesfrombudapest.com\/hu\/#website"},"primaryImageOfPage":{"@id":"https:\/\/shuttlesfrombudapest.com\/hu\/termek\/folklor-program-budapest\/#primaryimage"},"image":{"@id":"https:\/\/shuttlesfrombudapest.com\/hu\/termek\/folklor-program-budapest\/#primaryimage"},"thumbnailUrl":"https:\/\/shuttlesfrombudapest.com\/wp-content\/uploads\/2020\/06\/night-program-budapest.jpg","datePublished":"2020-08-27T10:58:48+00:00","dateModified":"2024-07-17T02:53:33+00:00","description":"Magyaros vacsor\u00e1hoz, magyaros program illik egy sz\u00e9p magyar v\u00e1rosban, mint Budapesten! \u00c9l\u0151 cig\u00e1ny zene, finom fog\u00e1sok \u00e9s csod\u00e1latos panor\u00e1ma!","breadcrumb":{"@id":"https:\/\/shuttlesfrombudapest.com\/hu\/termek\/folklor-program-budapest\/#breadcrumb"},"inLanguage":"hu","potentialAction":[{"@type":"ReadAction","target":["https:\/\/shuttlesfrombudapest.com\/hu\/termek\/folklor-program-budapest\/"]}]},{"@type":"ImageObject","inLanguage":"hu","@id":"https:\/\/shuttlesfrombudapest.com\/hu\/termek\/folklor-program-budapest\/#primaryimage","url":"https:\/\/shuttlesfrombudapest.com\/wp-content\/uploads\/2020\/06\/night-program-budapest.jpg","contentUrl":"https:\/\/shuttlesfrombudapest.com\/wp-content\/uploads\/2020\/06\/night-program-budapest.jpg","width":500,"height":500,"caption":"night program budapest"},{"@type":"BreadcrumbList","@id":"https:\/\/shuttlesfrombudapest.com\/hu\/termek\/folklor-program-budapest\/#breadcrumb","itemListElement":[{"@type":"ListItem","position":1,"name":"Home","item":"https:\/\/shuttlesfrombudapest.com\/hu\/"},{"@type":"ListItem","position":2,"name":"Term\u00e9kek","item":"https:\/\/shuttlesfrombudapest.com\/hu\/shop\/"},{"@type":"ListItem","position":3,"name":"Folkl\u00f3r &#038; Vacsora Budapesten"}]},{"@type":"WebSite","@id":"https:\/\/shuttlesfrombudapest.com\/hu\/#website","url":"https:\/\/shuttlesfrombudapest.com\/hu\/","name":"Private Airport Transfers, Tours, Packages","description":"- Order Today, Travel Tomorrow","potentialAction":[{"@type":"SearchAction","target":{"@type":"EntryPoint","urlTemplate":"https:\/\/shuttlesfrombudapest.com\/hu\/?s={search_term_string}"},"query-input":{"@type":"PropertyValueSpecification","valueRequired":true,"valueName":"search_term_string"}}],"inLanguage":"hu"}]}},"_links":{"self":[{"href":"https:\/\/shuttlesfrombudapest.com\/hu\/wp-json\/wp\/v2\/product\/1594","targetHints":{"allow":["GET"]}}],"collection":[{"href":"https:\/\/shuttlesfrombudapest.com\/hu\/wp-json\/wp\/v2\/product"}],"about":[{"href":"https:\/\/shuttlesfrombudapest.com\/hu\/wp-json\/wp\/v2\/types\/product"}],"replies":[{"embeddable":true,"href":"https:\/\/shuttlesfrombudapest.com\/hu\/wp-json\/wp\/v2\/comments?post=1594"}],"wp:featuredmedia":[{"embeddable":true,"href":"https:\/\/shuttlesfrombudapest.com\/hu\/wp-json\/wp\/v2\/media\/520"}],"wp:attachment":[{"href":"https:\/\/shuttlesfrombudapest.com\/hu\/wp-json\/wp\/v2\/media?parent=1594"}],"wp:term":[{"taxonomy":"product_cat","embeddable":true,"href":"https:\/\/shuttlesfrombudapest.com\/hu\/wp-json\/wp\/v2\/product_cat?post=1594"},{"taxonomy":"product_tag","embeddable":true,"href":"https:\/\/shuttlesfrombudapest.com\/hu\/wp-json\/wp\/v2\/product_tag?post=1594"}],"curies":[{"name":"wp","href":"https:\/\/api.w.org\/{rel}","templated":true}]}}