{"id":1523,"date":"2020-08-26T20:17:32","date_gmt":"2020-08-26T21:01:47","guid":{"rendered":"https:\/\/shuttlesfrombudapest.com\/product\/sightseeing-pizza-cruise-budapest\/"},"modified":"2025-06-11T09:20:51","modified_gmt":"2025-06-11T09:20:51","slug":"hajokirandulas-a-dunan-pizza-sor","status":"publish","type":"product","link":"https:\/\/shuttlesfrombudapest.com\/hu\/termek\/hajokirandulas-a-dunan-pizza-sor\/","title":{"rendered":"Haj\u00f3kir\u00e1ndul\u00e1s a Dun\u00e1n : Pizza &#038; S\u00f6r"},"content":{"rendered":"","protected":false},"excerpt":{"rendered":"<p>Haj\u00f3kir\u00e1ndul\u00e1s a Dun\u00e1n : Pizza &amp; S\u00f6r \u00e9s 70 perces v\u00e1rosn\u00e9z\u0151 kir\u00e1ndul\u00e1s a magyar f\u0151v\u00e1rosba a Silverline Cruises j\u00f3volt\u00e1b\u00f3l!<\/p>\n","protected":false},"featured_media":1502,"comment_status":"open","ping_status":"closed","template":"","meta":[],"product_cat":[56,54],"product_tag":[],"class_list":{"0":"post-1523","1":"product","2":"type-product","3":"status-publish","4":"has-post-thumbnail","6":"product_cat-hajozas","7":"product_cat-tura","9":"first","10":"instock","11":"virtual","12":"sold-individually","13":"purchasable","14":"product-type-booking","15":"prodpage-classic"},"yoast_head":"<!-- This site is optimized with the Yoast SEO plugin v24.0 - https:\/\/yoast.com\/wordpress\/plugins\/seo\/ -->\n<title>Haj\u00f3kir\u00e1ndul\u00e1s a Dun\u00e1n : Pizza &amp; S\u00f6r - Private Airport Transfers, Tours, Packages<\/title>\n<meta name=\"description\" content=\"Haj\u00f3kir\u00e1ndul\u00e1s a Dun\u00e1n : Pizza &amp; S\u00f6r \u00e9s 70 perces v\u00e1rosn\u00e9z\u0151 kir\u00e1ndul\u00e1s a magyar f\u0151v\u00e1rosba a Silverline Cruises j\u00f3volt\u00e1b\u00f3l!\" \/>\n<meta name=\"robots\" content=\"index, follow, max-snippet:-1, max-image-preview:large, max-video-preview:-1\" \/>\n<link rel=\"canonical\" href=\"https:\/\/shuttlesfrombudapest.com\/hu\/termek\/hajokirandulas-a-dunan-pizza-sor\/\" \/>\n<meta property=\"og:locale\" content=\"hu_HU\" \/>\n<meta property=\"og:type\" content=\"article\" \/>\n<meta property=\"og:title\" content=\"Haj\u00f3kir\u00e1ndul\u00e1s a Dun\u00e1n : Pizza &amp; S\u00f6r - Private Airport Transfers, Tours, Packages\" \/>\n<meta property=\"og:description\" content=\"Haj\u00f3kir\u00e1ndul\u00e1s a Dun\u00e1n : Pizza &amp; S\u00f6r \u00e9s 70 perces v\u00e1rosn\u00e9z\u0151 kir\u00e1ndul\u00e1s a magyar f\u0151v\u00e1rosba a Silverline Cruises j\u00f3volt\u00e1b\u00f3l!\" \/>\n<meta property=\"og:url\" content=\"https:\/\/shuttlesfrombudapest.com\/hu\/termek\/hajokirandulas-a-dunan-pizza-sor\/\" \/>\n<meta property=\"og:site_name\" content=\"Private Airport Transfers, Tours, Packages\" \/>\n<meta property=\"article:modified_time\" content=\"2025-06-11T09:20:51+00:00\" \/>\n<meta property=\"og:image\" content=\"https:\/\/shuttlesfrombudapest.com\/wp-content\/uploads\/2020\/08\/booze-cruise-budapest.jpg\" \/>\n\t<meta property=\"og:image:width\" content=\"798\" \/>\n\t<meta property=\"og:image:height\" content=\"532\" \/>\n\t<meta property=\"og:image:type\" content=\"image\/jpeg\" \/>\n<meta name=\"twitter:card\" content=\"summary_large_image\" \/>\n<script type=\"application\/ld+json\" class=\"yoast-schema-graph\">{\"@context\":\"https:\/\/schema.org\",\"@graph\":[{\"@type\":\"WebPage\",\"@id\":\"https:\/\/shuttlesfrombudapest.com\/hu\/termek\/hajokirandulas-a-dunan-pizza-sor\/\",\"url\":\"https:\/\/shuttlesfrombudapest.com\/hu\/termek\/hajokirandulas-a-dunan-pizza-sor\/\",\"name\":\"Haj\u00f3kir\u00e1ndul\u00e1s a Dun\u00e1n : Pizza & S\u00f6r - Private Airport Transfers, Tours, Packages\",\"isPartOf\":{\"@id\":\"https:\/\/shuttlesfrombudapest.com\/hu\/#website\"},\"primaryImageOfPage\":{\"@id\":\"https:\/\/shuttlesfrombudapest.com\/hu\/termek\/hajokirandulas-a-dunan-pizza-sor\/#primaryimage\"},\"image\":{\"@id\":\"https:\/\/shuttlesfrombudapest.com\/hu\/termek\/hajokirandulas-a-dunan-pizza-sor\/#primaryimage\"},\"thumbnailUrl\":\"https:\/\/shuttlesfrombudapest.com\/wp-content\/uploads\/2020\/08\/booze-cruise-budapest.jpg\",\"datePublished\":\"2020-08-26T21:01:47+00:00\",\"dateModified\":\"2025-06-11T09:20:51+00:00\",\"description\":\"Haj\u00f3kir\u00e1ndul\u00e1s a Dun\u00e1n : Pizza & S\u00f6r \u00e9s 70 perces v\u00e1rosn\u00e9z\u0151 kir\u00e1ndul\u00e1s a magyar f\u0151v\u00e1rosba a Silverline Cruises j\u00f3volt\u00e1b\u00f3l!\",\"breadcrumb\":{\"@id\":\"https:\/\/shuttlesfrombudapest.com\/hu\/termek\/hajokirandulas-a-dunan-pizza-sor\/#breadcrumb\"},\"inLanguage\":\"hu\",\"potentialAction\":[{\"@type\":\"ReadAction\",\"target\":[\"https:\/\/shuttlesfrombudapest.com\/hu\/termek\/hajokirandulas-a-dunan-pizza-sor\/\"]}]},{\"@type\":\"ImageObject\",\"inLanguage\":\"hu\",\"@id\":\"https:\/\/shuttlesfrombudapest.com\/hu\/termek\/hajokirandulas-a-dunan-pizza-sor\/#primaryimage\",\"url\":\"https:\/\/shuttlesfrombudapest.com\/wp-content\/uploads\/2020\/08\/booze-cruise-budapest.jpg\",\"contentUrl\":\"https:\/\/shuttlesfrombudapest.com\/wp-content\/uploads\/2020\/08\/booze-cruise-budapest.jpg\",\"width\":798,\"height\":532,\"caption\":\"booze cruise budapest\"},{\"@type\":\"BreadcrumbList\",\"@id\":\"https:\/\/shuttlesfrombudapest.com\/hu\/termek\/hajokirandulas-a-dunan-pizza-sor\/#breadcrumb\",\"itemListElement\":[{\"@type\":\"ListItem\",\"position\":1,\"name\":\"Home\",\"item\":\"https:\/\/shuttlesfrombudapest.com\/hu\/\"},{\"@type\":\"ListItem\",\"position\":2,\"name\":\"Term\u00e9kek\",\"item\":\"https:\/\/shuttlesfrombudapest.com\/hu\/shop\/\"},{\"@type\":\"ListItem\",\"position\":3,\"name\":\"Haj\u00f3kir\u00e1ndul\u00e1s a Dun\u00e1n : Pizza &#038; S\u00f6r\"}]},{\"@type\":\"WebSite\",\"@id\":\"https:\/\/shuttlesfrombudapest.com\/hu\/#website\",\"url\":\"https:\/\/shuttlesfrombudapest.com\/hu\/\",\"name\":\"Private Airport Transfers, Tours, Packages\",\"description\":\"- Order Today, Travel Tomorrow\",\"potentialAction\":[{\"@type\":\"SearchAction\",\"target\":{\"@type\":\"EntryPoint\",\"urlTemplate\":\"https:\/\/shuttlesfrombudapest.com\/hu\/?s={search_term_string}\"},\"query-input\":{\"@type\":\"PropertyValueSpecification\",\"valueRequired\":true,\"valueName\":\"search_term_string\"}}],\"inLanguage\":\"hu\"}]}<\/script>\n<!-- \/ Yoast SEO plugin. -->","yoast_head_json":{"title":"Haj\u00f3kir\u00e1ndul\u00e1s a Dun\u00e1n : Pizza & S\u00f6r - Private Airport Transfers, Tours, Packages","description":"Haj\u00f3kir\u00e1ndul\u00e1s a Dun\u00e1n : Pizza & S\u00f6r \u00e9s 70 perces v\u00e1rosn\u00e9z\u0151 kir\u00e1ndul\u00e1s a magyar f\u0151v\u00e1rosba a Silverline Cruises j\u00f3volt\u00e1b\u00f3l!","robots":{"index":"index","follow":"follow","max-snippet":"max-snippet:-1","max-image-preview":"max-image-preview:large","max-video-preview":"max-video-preview:-1"},"canonical":"https:\/\/shuttlesfrombudapest.com\/hu\/termek\/hajokirandulas-a-dunan-pizza-sor\/","og_locale":"hu_HU","og_type":"article","og_title":"Haj\u00f3kir\u00e1ndul\u00e1s a Dun\u00e1n : Pizza & S\u00f6r - Private Airport Transfers, Tours, Packages","og_description":"Haj\u00f3kir\u00e1ndul\u00e1s a Dun\u00e1n : Pizza & S\u00f6r \u00e9s 70 perces v\u00e1rosn\u00e9z\u0151 kir\u00e1ndul\u00e1s a magyar f\u0151v\u00e1rosba a Silverline Cruises j\u00f3volt\u00e1b\u00f3l!","og_url":"https:\/\/shuttlesfrombudapest.com\/hu\/termek\/hajokirandulas-a-dunan-pizza-sor\/","og_site_name":"Private Airport Transfers, Tours, Packages","article_modified_time":"2025-06-11T09:20:51+00:00","og_image":[{"width":798,"height":532,"url":"https:\/\/shuttlesfrombudapest.com\/wp-content\/uploads\/2020\/08\/booze-cruise-budapest.jpg","type":"image\/jpeg"}],"twitter_card":"summary_large_image","schema":{"@context":"https:\/\/schema.org","@graph":[{"@type":"WebPage","@id":"https:\/\/shuttlesfrombudapest.com\/hu\/termek\/hajokirandulas-a-dunan-pizza-sor\/","url":"https:\/\/shuttlesfrombudapest.com\/hu\/termek\/hajokirandulas-a-dunan-pizza-sor\/","name":"Haj\u00f3kir\u00e1ndul\u00e1s a Dun\u00e1n : Pizza & S\u00f6r - Private Airport Transfers, Tours, Packages","isPartOf":{"@id":"https:\/\/shuttlesfrombudapest.com\/hu\/#website"},"primaryImageOfPage":{"@id":"https:\/\/shuttlesfrombudapest.com\/hu\/termek\/hajokirandulas-a-dunan-pizza-sor\/#primaryimage"},"image":{"@id":"https:\/\/shuttlesfrombudapest.com\/hu\/termek\/hajokirandulas-a-dunan-pizza-sor\/#primaryimage"},"thumbnailUrl":"https:\/\/shuttlesfrombudapest.com\/wp-content\/uploads\/2020\/08\/booze-cruise-budapest.jpg","datePublished":"2020-08-26T21:01:47+00:00","dateModified":"2025-06-11T09:20:51+00:00","description":"Haj\u00f3kir\u00e1ndul\u00e1s a Dun\u00e1n : Pizza & S\u00f6r \u00e9s 70 perces v\u00e1rosn\u00e9z\u0151 kir\u00e1ndul\u00e1s a magyar f\u0151v\u00e1rosba a Silverline Cruises j\u00f3volt\u00e1b\u00f3l!","breadcrumb":{"@id":"https:\/\/shuttlesfrombudapest.com\/hu\/termek\/hajokirandulas-a-dunan-pizza-sor\/#breadcrumb"},"inLanguage":"hu","potentialAction":[{"@type":"ReadAction","target":["https:\/\/shuttlesfrombudapest.com\/hu\/termek\/hajokirandulas-a-dunan-pizza-sor\/"]}]},{"@type":"ImageObject","inLanguage":"hu","@id":"https:\/\/shuttlesfrombudapest.com\/hu\/termek\/hajokirandulas-a-dunan-pizza-sor\/#primaryimage","url":"https:\/\/shuttlesfrombudapest.com\/wp-content\/uploads\/2020\/08\/booze-cruise-budapest.jpg","contentUrl":"https:\/\/shuttlesfrombudapest.com\/wp-content\/uploads\/2020\/08\/booze-cruise-budapest.jpg","width":798,"height":532,"caption":"booze cruise budapest"},{"@type":"BreadcrumbList","@id":"https:\/\/shuttlesfrombudapest.com\/hu\/termek\/hajokirandulas-a-dunan-pizza-sor\/#breadcrumb","itemListElement":[{"@type":"ListItem","position":1,"name":"Home","item":"https:\/\/shuttlesfrombudapest.com\/hu\/"},{"@type":"ListItem","position":2,"name":"Term\u00e9kek","item":"https:\/\/shuttlesfrombudapest.com\/hu\/shop\/"},{"@type":"ListItem","position":3,"name":"Haj\u00f3kir\u00e1ndul\u00e1s a Dun\u00e1n : Pizza &#038; S\u00f6r"}]},{"@type":"WebSite","@id":"https:\/\/shuttlesfrombudapest.com\/hu\/#website","url":"https:\/\/shuttlesfrombudapest.com\/hu\/","name":"Private Airport Transfers, Tours, Packages","description":"- Order Today, Travel Tomorrow","potentialAction":[{"@type":"SearchAction","target":{"@type":"EntryPoint","urlTemplate":"https:\/\/shuttlesfrombudapest.com\/hu\/?s={search_term_string}"},"query-input":{"@type":"PropertyValueSpecification","valueRequired":true,"valueName":"search_term_string"}}],"inLanguage":"hu"}]}},"_links":{"self":[{"href":"https:\/\/shuttlesfrombudapest.com\/hu\/wp-json\/wp\/v2\/product\/1523","targetHints":{"allow":["GET"]}}],"collection":[{"href":"https:\/\/shuttlesfrombudapest.com\/hu\/wp-json\/wp\/v2\/product"}],"about":[{"href":"https:\/\/shuttlesfrombudapest.com\/hu\/wp-json\/wp\/v2\/types\/product"}],"replies":[{"embeddable":true,"href":"https:\/\/shuttlesfrombudapest.com\/hu\/wp-json\/wp\/v2\/comments?post=1523"}],"wp:featuredmedia":[{"embeddable":true,"href":"https:\/\/shuttlesfrombudapest.com\/hu\/wp-json\/wp\/v2\/media\/1502"}],"wp:attachment":[{"href":"https:\/\/shuttlesfrombudapest.com\/hu\/wp-json\/wp\/v2\/media?parent=1523"}],"wp:term":[{"taxonomy":"product_cat","embeddable":true,"href":"https:\/\/shuttlesfrombudapest.com\/hu\/wp-json\/wp\/v2\/product_cat?post=1523"},{"taxonomy":"product_tag","embeddable":true,"href":"https:\/\/shuttlesfrombudapest.com\/hu\/wp-json\/wp\/v2\/product_tag?post=1523"}],"curies":[{"name":"wp","href":"https:\/\/api.w.org\/{rel}","templated":true}]}}