{"id":1458,"date":"2020-06-21T21:58:14","date_gmt":"2020-08-25T19:20:33","guid":{"rendered":"https:\/\/shuttlesfrombudapest.com\/?post_type=product&#038;p=1458"},"modified":"2023-02-28T12:00:42","modified_gmt":"2023-02-28T12:00:42","slug":"hajos-vacsora-a-dunan-elo-zongoramusorral-kiserve","status":"publish","type":"product","link":"https:\/\/shuttlesfrombudapest.com\/hu\/termek\/hajos-vacsora-a-dunan-elo-zongoramusorral-kiserve\/","title":{"rendered":"Haj\u00f3s vacsora a Dun\u00e1n \u00e9l\u0151 zongoram\u0171sorral k\u00eds\u00e9rve"},"content":{"rendered":"","protected":false},"excerpt":{"rendered":"<p>Silverline Cruises vacsora haj\u00f3 3 \u00f3r\u00e1s el\u0151ad\u00e1ssal, s\u00e9tahaj\u00f3z\u00e1ssal \u00e9s v\u00e1laszthat\u00f3 vacsora opci\u00f3kkal!<\/p>\n","protected":false},"featured_media":891,"comment_status":"open","ping_status":"closed","template":"","meta":[],"product_cat":[56,54],"product_tag":[],"class_list":{"0":"post-1458","1":"product","2":"type-product","3":"status-publish","4":"has-post-thumbnail","6":"product_cat-hajozas","7":"product_cat-tura","9":"first","10":"instock","11":"virtual","12":"sold-individually","13":"purchasable","14":"product-type-booking","15":"prodpage-classic"},"yoast_head":"<!-- This site is optimized with the Yoast SEO plugin v24.0 - https:\/\/yoast.com\/wordpress\/plugins\/seo\/ -->\n<title>Haj\u00f3s vacsora a Dun\u00e1n \u00e9l\u0151 zongoram\u0171sorral k\u00eds\u00e9rve - Private Airport Transfers, Tours, Packages<\/title>\n<meta name=\"description\" content=\"Haj\u00f3s vacsora a Dun\u00e1n! \u00c9l\u0151 zongora show, 3 \u00f3r\u00e1s s\u00e9tahaj\u00f3z\u00e1s, felszolg\u00e1lt vacsora men\u00fc, v\u00e1laszthat\u00f3 \u00e9tel opci\u00f3kkal!\" \/>\n<meta name=\"robots\" content=\"index, follow, max-snippet:-1, max-image-preview:large, max-video-preview:-1\" \/>\n<link rel=\"canonical\" href=\"https:\/\/shuttlesfrombudapest.com\/hu\/termek\/hajos-vacsora-a-dunan-elo-zongoramusorral-kiserve\/\" \/>\n<meta property=\"og:locale\" content=\"hu_HU\" \/>\n<meta property=\"og:type\" content=\"article\" \/>\n<meta property=\"og:title\" content=\"Haj\u00f3s vacsora a Dun\u00e1n \u00e9l\u0151 zongoram\u0171sorral k\u00eds\u00e9rve - Private Airport Transfers, Tours, Packages\" \/>\n<meta property=\"og:description\" content=\"Haj\u00f3s vacsora a Dun\u00e1n! \u00c9l\u0151 zongora show, 3 \u00f3r\u00e1s s\u00e9tahaj\u00f3z\u00e1s, felszolg\u00e1lt vacsora men\u00fc, v\u00e1laszthat\u00f3 \u00e9tel opci\u00f3kkal!\" \/>\n<meta property=\"og:url\" content=\"https:\/\/shuttlesfrombudapest.com\/hu\/termek\/hajos-vacsora-a-dunan-elo-zongoramusorral-kiserve\/\" \/>\n<meta property=\"og:site_name\" content=\"Private Airport Transfers, Tours, Packages\" \/>\n<meta property=\"article:modified_time\" content=\"2023-02-28T12:00:42+00:00\" \/>\n<meta property=\"og:image\" content=\"https:\/\/shuttlesfrombudapest.com\/wp-content\/uploads\/2020\/06\/dinner-cruise-and-piano-show-budapest.jpg\" \/>\n\t<meta property=\"og:image:width\" content=\"500\" \/>\n\t<meta property=\"og:image:height\" content=\"500\" \/>\n\t<meta property=\"og:image:type\" content=\"image\/jpeg\" \/>\n<meta name=\"twitter:card\" content=\"summary_large_image\" \/>\n<script type=\"application\/ld+json\" class=\"yoast-schema-graph\">{\"@context\":\"https:\/\/schema.org\",\"@graph\":[{\"@type\":\"WebPage\",\"@id\":\"https:\/\/shuttlesfrombudapest.com\/hu\/termek\/hajos-vacsora-a-dunan-elo-zongoramusorral-kiserve\/\",\"url\":\"https:\/\/shuttlesfrombudapest.com\/hu\/termek\/hajos-vacsora-a-dunan-elo-zongoramusorral-kiserve\/\",\"name\":\"Haj\u00f3s vacsora a Dun\u00e1n \u00e9l\u0151 zongoram\u0171sorral k\u00eds\u00e9rve - Private Airport Transfers, Tours, Packages\",\"isPartOf\":{\"@id\":\"https:\/\/shuttlesfrombudapest.com\/hu\/#website\"},\"primaryImageOfPage\":{\"@id\":\"https:\/\/shuttlesfrombudapest.com\/hu\/termek\/hajos-vacsora-a-dunan-elo-zongoramusorral-kiserve\/#primaryimage\"},\"image\":{\"@id\":\"https:\/\/shuttlesfrombudapest.com\/hu\/termek\/hajos-vacsora-a-dunan-elo-zongoramusorral-kiserve\/#primaryimage\"},\"thumbnailUrl\":\"https:\/\/shuttlesfrombudapest.com\/wp-content\/uploads\/2020\/06\/dinner-cruise-and-piano-show-budapest.jpg\",\"datePublished\":\"2020-08-25T19:20:33+00:00\",\"dateModified\":\"2023-02-28T12:00:42+00:00\",\"description\":\"Haj\u00f3s vacsora a Dun\u00e1n! \u00c9l\u0151 zongora show, 3 \u00f3r\u00e1s s\u00e9tahaj\u00f3z\u00e1s, felszolg\u00e1lt vacsora men\u00fc, v\u00e1laszthat\u00f3 \u00e9tel opci\u00f3kkal!\",\"breadcrumb\":{\"@id\":\"https:\/\/shuttlesfrombudapest.com\/hu\/termek\/hajos-vacsora-a-dunan-elo-zongoramusorral-kiserve\/#breadcrumb\"},\"inLanguage\":\"hu\",\"potentialAction\":[{\"@type\":\"ReadAction\",\"target\":[\"https:\/\/shuttlesfrombudapest.com\/hu\/termek\/hajos-vacsora-a-dunan-elo-zongoramusorral-kiserve\/\"]}]},{\"@type\":\"ImageObject\",\"inLanguage\":\"hu\",\"@id\":\"https:\/\/shuttlesfrombudapest.com\/hu\/termek\/hajos-vacsora-a-dunan-elo-zongoramusorral-kiserve\/#primaryimage\",\"url\":\"https:\/\/shuttlesfrombudapest.com\/wp-content\/uploads\/2020\/06\/dinner-cruise-and-piano-show-budapest.jpg\",\"contentUrl\":\"https:\/\/shuttlesfrombudapest.com\/wp-content\/uploads\/2020\/06\/dinner-cruise-and-piano-show-budapest.jpg\",\"width\":500,\"height\":500,\"caption\":\"dinner cruise and piano show budapest\"},{\"@type\":\"BreadcrumbList\",\"@id\":\"https:\/\/shuttlesfrombudapest.com\/hu\/termek\/hajos-vacsora-a-dunan-elo-zongoramusorral-kiserve\/#breadcrumb\",\"itemListElement\":[{\"@type\":\"ListItem\",\"position\":1,\"name\":\"Home\",\"item\":\"https:\/\/shuttlesfrombudapest.com\/hu\/\"},{\"@type\":\"ListItem\",\"position\":2,\"name\":\"Term\u00e9kek\",\"item\":\"https:\/\/shuttlesfrombudapest.com\/hu\/shop\/\"},{\"@type\":\"ListItem\",\"position\":3,\"name\":\"Haj\u00f3s vacsora a Dun\u00e1n \u00e9l\u0151 zongoram\u0171sorral k\u00eds\u00e9rve\"}]},{\"@type\":\"WebSite\",\"@id\":\"https:\/\/shuttlesfrombudapest.com\/hu\/#website\",\"url\":\"https:\/\/shuttlesfrombudapest.com\/hu\/\",\"name\":\"Private Airport Transfers, Tours, Packages\",\"description\":\"- Order Today, Travel Tomorrow\",\"potentialAction\":[{\"@type\":\"SearchAction\",\"target\":{\"@type\":\"EntryPoint\",\"urlTemplate\":\"https:\/\/shuttlesfrombudapest.com\/hu\/?s={search_term_string}\"},\"query-input\":{\"@type\":\"PropertyValueSpecification\",\"valueRequired\":true,\"valueName\":\"search_term_string\"}}],\"inLanguage\":\"hu\"}]}<\/script>\n<!-- \/ Yoast SEO plugin. -->","yoast_head_json":{"title":"Haj\u00f3s vacsora a Dun\u00e1n \u00e9l\u0151 zongoram\u0171sorral k\u00eds\u00e9rve - Private Airport Transfers, Tours, Packages","description":"Haj\u00f3s vacsora a Dun\u00e1n! \u00c9l\u0151 zongora show, 3 \u00f3r\u00e1s s\u00e9tahaj\u00f3z\u00e1s, felszolg\u00e1lt vacsora men\u00fc, v\u00e1laszthat\u00f3 \u00e9tel opci\u00f3kkal!","robots":{"index":"index","follow":"follow","max-snippet":"max-snippet:-1","max-image-preview":"max-image-preview:large","max-video-preview":"max-video-preview:-1"},"canonical":"https:\/\/shuttlesfrombudapest.com\/hu\/termek\/hajos-vacsora-a-dunan-elo-zongoramusorral-kiserve\/","og_locale":"hu_HU","og_type":"article","og_title":"Haj\u00f3s vacsora a Dun\u00e1n \u00e9l\u0151 zongoram\u0171sorral k\u00eds\u00e9rve - Private Airport Transfers, Tours, Packages","og_description":"Haj\u00f3s vacsora a Dun\u00e1n! \u00c9l\u0151 zongora show, 3 \u00f3r\u00e1s s\u00e9tahaj\u00f3z\u00e1s, felszolg\u00e1lt vacsora men\u00fc, v\u00e1laszthat\u00f3 \u00e9tel opci\u00f3kkal!","og_url":"https:\/\/shuttlesfrombudapest.com\/hu\/termek\/hajos-vacsora-a-dunan-elo-zongoramusorral-kiserve\/","og_site_name":"Private Airport Transfers, Tours, Packages","article_modified_time":"2023-02-28T12:00:42+00:00","og_image":[{"width":500,"height":500,"url":"https:\/\/shuttlesfrombudapest.com\/wp-content\/uploads\/2020\/06\/dinner-cruise-and-piano-show-budapest.jpg","type":"image\/jpeg"}],"twitter_card":"summary_large_image","schema":{"@context":"https:\/\/schema.org","@graph":[{"@type":"WebPage","@id":"https:\/\/shuttlesfrombudapest.com\/hu\/termek\/hajos-vacsora-a-dunan-elo-zongoramusorral-kiserve\/","url":"https:\/\/shuttlesfrombudapest.com\/hu\/termek\/hajos-vacsora-a-dunan-elo-zongoramusorral-kiserve\/","name":"Haj\u00f3s vacsora a Dun\u00e1n \u00e9l\u0151 zongoram\u0171sorral k\u00eds\u00e9rve - Private Airport Transfers, Tours, Packages","isPartOf":{"@id":"https:\/\/shuttlesfrombudapest.com\/hu\/#website"},"primaryImageOfPage":{"@id":"https:\/\/shuttlesfrombudapest.com\/hu\/termek\/hajos-vacsora-a-dunan-elo-zongoramusorral-kiserve\/#primaryimage"},"image":{"@id":"https:\/\/shuttlesfrombudapest.com\/hu\/termek\/hajos-vacsora-a-dunan-elo-zongoramusorral-kiserve\/#primaryimage"},"thumbnailUrl":"https:\/\/shuttlesfrombudapest.com\/wp-content\/uploads\/2020\/06\/dinner-cruise-and-piano-show-budapest.jpg","datePublished":"2020-08-25T19:20:33+00:00","dateModified":"2023-02-28T12:00:42+00:00","description":"Haj\u00f3s vacsora a Dun\u00e1n! \u00c9l\u0151 zongora show, 3 \u00f3r\u00e1s s\u00e9tahaj\u00f3z\u00e1s, felszolg\u00e1lt vacsora men\u00fc, v\u00e1laszthat\u00f3 \u00e9tel opci\u00f3kkal!","breadcrumb":{"@id":"https:\/\/shuttlesfrombudapest.com\/hu\/termek\/hajos-vacsora-a-dunan-elo-zongoramusorral-kiserve\/#breadcrumb"},"inLanguage":"hu","potentialAction":[{"@type":"ReadAction","target":["https:\/\/shuttlesfrombudapest.com\/hu\/termek\/hajos-vacsora-a-dunan-elo-zongoramusorral-kiserve\/"]}]},{"@type":"ImageObject","inLanguage":"hu","@id":"https:\/\/shuttlesfrombudapest.com\/hu\/termek\/hajos-vacsora-a-dunan-elo-zongoramusorral-kiserve\/#primaryimage","url":"https:\/\/shuttlesfrombudapest.com\/wp-content\/uploads\/2020\/06\/dinner-cruise-and-piano-show-budapest.jpg","contentUrl":"https:\/\/shuttlesfrombudapest.com\/wp-content\/uploads\/2020\/06\/dinner-cruise-and-piano-show-budapest.jpg","width":500,"height":500,"caption":"dinner cruise and piano show budapest"},{"@type":"BreadcrumbList","@id":"https:\/\/shuttlesfrombudapest.com\/hu\/termek\/hajos-vacsora-a-dunan-elo-zongoramusorral-kiserve\/#breadcrumb","itemListElement":[{"@type":"ListItem","position":1,"name":"Home","item":"https:\/\/shuttlesfrombudapest.com\/hu\/"},{"@type":"ListItem","position":2,"name":"Term\u00e9kek","item":"https:\/\/shuttlesfrombudapest.com\/hu\/shop\/"},{"@type":"ListItem","position":3,"name":"Haj\u00f3s vacsora a Dun\u00e1n \u00e9l\u0151 zongoram\u0171sorral k\u00eds\u00e9rve"}]},{"@type":"WebSite","@id":"https:\/\/shuttlesfrombudapest.com\/hu\/#website","url":"https:\/\/shuttlesfrombudapest.com\/hu\/","name":"Private Airport Transfers, Tours, Packages","description":"- Order Today, Travel Tomorrow","potentialAction":[{"@type":"SearchAction","target":{"@type":"EntryPoint","urlTemplate":"https:\/\/shuttlesfrombudapest.com\/hu\/?s={search_term_string}"},"query-input":{"@type":"PropertyValueSpecification","valueRequired":true,"valueName":"search_term_string"}}],"inLanguage":"hu"}]}},"_links":{"self":[{"href":"https:\/\/shuttlesfrombudapest.com\/hu\/wp-json\/wp\/v2\/product\/1458","targetHints":{"allow":["GET"]}}],"collection":[{"href":"https:\/\/shuttlesfrombudapest.com\/hu\/wp-json\/wp\/v2\/product"}],"about":[{"href":"https:\/\/shuttlesfrombudapest.com\/hu\/wp-json\/wp\/v2\/types\/product"}],"replies":[{"embeddable":true,"href":"https:\/\/shuttlesfrombudapest.com\/hu\/wp-json\/wp\/v2\/comments?post=1458"}],"wp:featuredmedia":[{"embeddable":true,"href":"https:\/\/shuttlesfrombudapest.com\/hu\/wp-json\/wp\/v2\/media\/891"}],"wp:attachment":[{"href":"https:\/\/shuttlesfrombudapest.com\/hu\/wp-json\/wp\/v2\/media?parent=1458"}],"wp:term":[{"taxonomy":"product_cat","embeddable":true,"href":"https:\/\/shuttlesfrombudapest.com\/hu\/wp-json\/wp\/v2\/product_cat?post=1458"},{"taxonomy":"product_tag","embeddable":true,"href":"https:\/\/shuttlesfrombudapest.com\/hu\/wp-json\/wp\/v2\/product_tag?post=1458"}],"curies":[{"name":"wp","href":"https:\/\/api.w.org\/{rel}","templated":true}]}}