{"id":1399,"date":"2020-06-21T14:32:29","date_gmt":"2020-08-05T16:08:07","guid":{"rendered":"https:\/\/shuttlesfrombudapest.com\/?post_type=product&#038;p=1399"},"modified":"2022-10-18T04:35:44","modified_gmt":"2022-10-18T04:35:44","slug":"esti-hajos-varosnezes","status":"publish","type":"product","link":"https:\/\/shuttlesfrombudapest.com\/hu\/termek\/esti-hajos-varosnezes\/","title":{"rendered":"Esti haj\u00f3s v\u00e1rosn\u00e9z\u00e9s"},"content":{"rendered":"","protected":false},"excerpt":{"rendered":"<p>Esti haj\u00f3s v\u00e1rosn\u00e9z\u00e9s a Dun\u00e1n! <\/p>\n","protected":false},"featured_media":475,"comment_status":"open","ping_status":"closed","template":"","meta":[],"product_cat":[56,54],"product_tag":[],"class_list":{"0":"post-1399","1":"product","2":"type-product","3":"status-publish","4":"has-post-thumbnail","6":"product_cat-hajozas","7":"product_cat-tura","9":"first","10":"instock","11":"virtual","12":"sold-individually","13":"purchasable","14":"product-type-booking","15":"prodpage-classic"},"yoast_head":"<!-- This site is optimized with the Yoast SEO plugin v24.0 - https:\/\/yoast.com\/wordpress\/plugins\/seo\/ -->\n<title>Esti haj\u00f3s v\u00e1rosn\u00e9z\u00e9s - Private Airport Transfers, Tours, Packages<\/title>\n<meta name=\"description\" content=\"Esti haj\u00f3s v\u00e1rosn\u00e9z\u00e9s a Dun\u00e1n! F\u0151v\u00e1rosunk legszebb r\u00e9szei, 30 nyelv\u0171 audio-guide idegenvezet\u00e9ssel, minden napi indul\u00e1ssal!\" \/>\n<meta name=\"robots\" content=\"index, follow, max-snippet:-1, max-image-preview:large, max-video-preview:-1\" \/>\n<link rel=\"canonical\" href=\"https:\/\/shuttlesfrombudapest.com\/hu\/termek\/esti-hajos-varosnezes\/\" \/>\n<meta property=\"og:locale\" content=\"hu_HU\" \/>\n<meta property=\"og:type\" content=\"article\" \/>\n<meta property=\"og:title\" content=\"Esti haj\u00f3s v\u00e1rosn\u00e9z\u00e9s - Private Airport Transfers, Tours, Packages\" \/>\n<meta property=\"og:description\" content=\"Esti haj\u00f3s v\u00e1rosn\u00e9z\u00e9s a Dun\u00e1n! F\u0151v\u00e1rosunk legszebb r\u00e9szei, 30 nyelv\u0171 audio-guide idegenvezet\u00e9ssel, minden napi indul\u00e1ssal!\" \/>\n<meta property=\"og:url\" content=\"https:\/\/shuttlesfrombudapest.com\/hu\/termek\/esti-hajos-varosnezes\/\" \/>\n<meta property=\"og:site_name\" content=\"Private Airport Transfers, Tours, Packages\" \/>\n<meta property=\"article:modified_time\" content=\"2022-10-18T04:35:44+00:00\" \/>\n<meta property=\"og:image\" content=\"https:\/\/shuttlesfrombudapest.com\/wp-content\/uploads\/2020\/06\/legenda-cruise-budapest.jpg\" \/>\n\t<meta property=\"og:image:width\" content=\"500\" \/>\n\t<meta property=\"og:image:height\" content=\"500\" \/>\n\t<meta property=\"og:image:type\" content=\"image\/jpeg\" \/>\n<meta name=\"twitter:card\" content=\"summary_large_image\" \/>\n<script type=\"application\/ld+json\" class=\"yoast-schema-graph\">{\"@context\":\"https:\/\/schema.org\",\"@graph\":[{\"@type\":\"WebPage\",\"@id\":\"https:\/\/shuttlesfrombudapest.com\/hu\/termek\/esti-hajos-varosnezes\/\",\"url\":\"https:\/\/shuttlesfrombudapest.com\/hu\/termek\/esti-hajos-varosnezes\/\",\"name\":\"Esti haj\u00f3s v\u00e1rosn\u00e9z\u00e9s - Private Airport Transfers, Tours, Packages\",\"isPartOf\":{\"@id\":\"https:\/\/shuttlesfrombudapest.com\/hu\/#website\"},\"primaryImageOfPage\":{\"@id\":\"https:\/\/shuttlesfrombudapest.com\/hu\/termek\/esti-hajos-varosnezes\/#primaryimage\"},\"image\":{\"@id\":\"https:\/\/shuttlesfrombudapest.com\/hu\/termek\/esti-hajos-varosnezes\/#primaryimage\"},\"thumbnailUrl\":\"https:\/\/shuttlesfrombudapest.com\/wp-content\/uploads\/2020\/06\/legenda-cruise-budapest.jpg\",\"datePublished\":\"2020-08-05T16:08:07+00:00\",\"dateModified\":\"2022-10-18T04:35:44+00:00\",\"description\":\"Esti haj\u00f3s v\u00e1rosn\u00e9z\u00e9s a Dun\u00e1n! F\u0151v\u00e1rosunk legszebb r\u00e9szei, 30 nyelv\u0171 audio-guide idegenvezet\u00e9ssel, minden napi indul\u00e1ssal!\",\"breadcrumb\":{\"@id\":\"https:\/\/shuttlesfrombudapest.com\/hu\/termek\/esti-hajos-varosnezes\/#breadcrumb\"},\"inLanguage\":\"hu\",\"potentialAction\":[{\"@type\":\"ReadAction\",\"target\":[\"https:\/\/shuttlesfrombudapest.com\/hu\/termek\/esti-hajos-varosnezes\/\"]}]},{\"@type\":\"ImageObject\",\"inLanguage\":\"hu\",\"@id\":\"https:\/\/shuttlesfrombudapest.com\/hu\/termek\/esti-hajos-varosnezes\/#primaryimage\",\"url\":\"https:\/\/shuttlesfrombudapest.com\/wp-content\/uploads\/2020\/06\/legenda-cruise-budapest.jpg\",\"contentUrl\":\"https:\/\/shuttlesfrombudapest.com\/wp-content\/uploads\/2020\/06\/legenda-cruise-budapest.jpg\",\"width\":500,\"height\":500,\"caption\":\"legenda cruise budapest\"},{\"@type\":\"BreadcrumbList\",\"@id\":\"https:\/\/shuttlesfrombudapest.com\/hu\/termek\/esti-hajos-varosnezes\/#breadcrumb\",\"itemListElement\":[{\"@type\":\"ListItem\",\"position\":1,\"name\":\"Home\",\"item\":\"https:\/\/shuttlesfrombudapest.com\/hu\/\"},{\"@type\":\"ListItem\",\"position\":2,\"name\":\"Term\u00e9kek\",\"item\":\"https:\/\/shuttlesfrombudapest.com\/hu\/shop\/\"},{\"@type\":\"ListItem\",\"position\":3,\"name\":\"Esti haj\u00f3s v\u00e1rosn\u00e9z\u00e9s\"}]},{\"@type\":\"WebSite\",\"@id\":\"https:\/\/shuttlesfrombudapest.com\/hu\/#website\",\"url\":\"https:\/\/shuttlesfrombudapest.com\/hu\/\",\"name\":\"Private Airport Transfers, Tours, Packages\",\"description\":\"- Order Today, Travel Tomorrow\",\"potentialAction\":[{\"@type\":\"SearchAction\",\"target\":{\"@type\":\"EntryPoint\",\"urlTemplate\":\"https:\/\/shuttlesfrombudapest.com\/hu\/?s={search_term_string}\"},\"query-input\":{\"@type\":\"PropertyValueSpecification\",\"valueRequired\":true,\"valueName\":\"search_term_string\"}}],\"inLanguage\":\"hu\"}]}<\/script>\n<!-- \/ Yoast SEO plugin. -->","yoast_head_json":{"title":"Esti haj\u00f3s v\u00e1rosn\u00e9z\u00e9s - Private Airport Transfers, Tours, Packages","description":"Esti haj\u00f3s v\u00e1rosn\u00e9z\u00e9s a Dun\u00e1n! F\u0151v\u00e1rosunk legszebb r\u00e9szei, 30 nyelv\u0171 audio-guide idegenvezet\u00e9ssel, minden napi indul\u00e1ssal!","robots":{"index":"index","follow":"follow","max-snippet":"max-snippet:-1","max-image-preview":"max-image-preview:large","max-video-preview":"max-video-preview:-1"},"canonical":"https:\/\/shuttlesfrombudapest.com\/hu\/termek\/esti-hajos-varosnezes\/","og_locale":"hu_HU","og_type":"article","og_title":"Esti haj\u00f3s v\u00e1rosn\u00e9z\u00e9s - Private Airport Transfers, Tours, Packages","og_description":"Esti haj\u00f3s v\u00e1rosn\u00e9z\u00e9s a Dun\u00e1n! F\u0151v\u00e1rosunk legszebb r\u00e9szei, 30 nyelv\u0171 audio-guide idegenvezet\u00e9ssel, minden napi indul\u00e1ssal!","og_url":"https:\/\/shuttlesfrombudapest.com\/hu\/termek\/esti-hajos-varosnezes\/","og_site_name":"Private Airport Transfers, Tours, Packages","article_modified_time":"2022-10-18T04:35:44+00:00","og_image":[{"width":500,"height":500,"url":"https:\/\/shuttlesfrombudapest.com\/wp-content\/uploads\/2020\/06\/legenda-cruise-budapest.jpg","type":"image\/jpeg"}],"twitter_card":"summary_large_image","schema":{"@context":"https:\/\/schema.org","@graph":[{"@type":"WebPage","@id":"https:\/\/shuttlesfrombudapest.com\/hu\/termek\/esti-hajos-varosnezes\/","url":"https:\/\/shuttlesfrombudapest.com\/hu\/termek\/esti-hajos-varosnezes\/","name":"Esti haj\u00f3s v\u00e1rosn\u00e9z\u00e9s - Private Airport Transfers, Tours, Packages","isPartOf":{"@id":"https:\/\/shuttlesfrombudapest.com\/hu\/#website"},"primaryImageOfPage":{"@id":"https:\/\/shuttlesfrombudapest.com\/hu\/termek\/esti-hajos-varosnezes\/#primaryimage"},"image":{"@id":"https:\/\/shuttlesfrombudapest.com\/hu\/termek\/esti-hajos-varosnezes\/#primaryimage"},"thumbnailUrl":"https:\/\/shuttlesfrombudapest.com\/wp-content\/uploads\/2020\/06\/legenda-cruise-budapest.jpg","datePublished":"2020-08-05T16:08:07+00:00","dateModified":"2022-10-18T04:35:44+00:00","description":"Esti haj\u00f3s v\u00e1rosn\u00e9z\u00e9s a Dun\u00e1n! F\u0151v\u00e1rosunk legszebb r\u00e9szei, 30 nyelv\u0171 audio-guide idegenvezet\u00e9ssel, minden napi indul\u00e1ssal!","breadcrumb":{"@id":"https:\/\/shuttlesfrombudapest.com\/hu\/termek\/esti-hajos-varosnezes\/#breadcrumb"},"inLanguage":"hu","potentialAction":[{"@type":"ReadAction","target":["https:\/\/shuttlesfrombudapest.com\/hu\/termek\/esti-hajos-varosnezes\/"]}]},{"@type":"ImageObject","inLanguage":"hu","@id":"https:\/\/shuttlesfrombudapest.com\/hu\/termek\/esti-hajos-varosnezes\/#primaryimage","url":"https:\/\/shuttlesfrombudapest.com\/wp-content\/uploads\/2020\/06\/legenda-cruise-budapest.jpg","contentUrl":"https:\/\/shuttlesfrombudapest.com\/wp-content\/uploads\/2020\/06\/legenda-cruise-budapest.jpg","width":500,"height":500,"caption":"legenda cruise budapest"},{"@type":"BreadcrumbList","@id":"https:\/\/shuttlesfrombudapest.com\/hu\/termek\/esti-hajos-varosnezes\/#breadcrumb","itemListElement":[{"@type":"ListItem","position":1,"name":"Home","item":"https:\/\/shuttlesfrombudapest.com\/hu\/"},{"@type":"ListItem","position":2,"name":"Term\u00e9kek","item":"https:\/\/shuttlesfrombudapest.com\/hu\/shop\/"},{"@type":"ListItem","position":3,"name":"Esti haj\u00f3s v\u00e1rosn\u00e9z\u00e9s"}]},{"@type":"WebSite","@id":"https:\/\/shuttlesfrombudapest.com\/hu\/#website","url":"https:\/\/shuttlesfrombudapest.com\/hu\/","name":"Private Airport Transfers, Tours, Packages","description":"- Order Today, Travel Tomorrow","potentialAction":[{"@type":"SearchAction","target":{"@type":"EntryPoint","urlTemplate":"https:\/\/shuttlesfrombudapest.com\/hu\/?s={search_term_string}"},"query-input":{"@type":"PropertyValueSpecification","valueRequired":true,"valueName":"search_term_string"}}],"inLanguage":"hu"}]}},"_links":{"self":[{"href":"https:\/\/shuttlesfrombudapest.com\/hu\/wp-json\/wp\/v2\/product\/1399","targetHints":{"allow":["GET"]}}],"collection":[{"href":"https:\/\/shuttlesfrombudapest.com\/hu\/wp-json\/wp\/v2\/product"}],"about":[{"href":"https:\/\/shuttlesfrombudapest.com\/hu\/wp-json\/wp\/v2\/types\/product"}],"replies":[{"embeddable":true,"href":"https:\/\/shuttlesfrombudapest.com\/hu\/wp-json\/wp\/v2\/comments?post=1399"}],"wp:featuredmedia":[{"embeddable":true,"href":"https:\/\/shuttlesfrombudapest.com\/hu\/wp-json\/wp\/v2\/media\/475"}],"wp:attachment":[{"href":"https:\/\/shuttlesfrombudapest.com\/hu\/wp-json\/wp\/v2\/media?parent=1399"}],"wp:term":[{"taxonomy":"product_cat","embeddable":true,"href":"https:\/\/shuttlesfrombudapest.com\/hu\/wp-json\/wp\/v2\/product_cat?post=1399"},{"taxonomy":"product_tag","embeddable":true,"href":"https:\/\/shuttlesfrombudapest.com\/hu\/wp-json\/wp\/v2\/product_tag?post=1399"}],"curies":[{"name":"wp","href":"https:\/\/api.w.org\/{rel}","templated":true}]}}