{"id":1396,"date":"2020-06-08T15:33:54","date_gmt":"2020-08-05T12:31:49","guid":{"rendered":"https:\/\/shuttlesfrombudapest.com\/?post_type=product&#038;p=1396"},"modified":"2025-05-21T10:51:59","modified_gmt":"2025-05-21T10:51:59","slug":"budapest-repuloteri-transzfer","status":"publish","type":"product","link":"https:\/\/shuttlesfrombudapest.com\/hu\/termek\/budapest-repuloteri-transzfer\/","title":{"rendered":"Budapest Rep\u00fcl\u0151t\u00e9ri Transzfer"},"content":{"rendered":"<p><strong>1\u20ac-340HUF<\/strong><br \/>\n<strong>\u00c1rak 1 \u00fatra<\/strong><br \/>\n1-4 f\u0151: \u20ac30<br \/>\n5-6 f\u0151: \u20ac32<br \/>\n7-8 f\u0151: \u20ac35<br \/>\n9-18 f\u0151: \u20ac90<br \/>\n18-49 f\u0151: \u20ac190<\/p>\n<hr \/>\n<p><strong>\u00c1rak oda-vissza:<\/strong><br \/>\n1-4 f\u0151: \u20ac60<br \/>\n5-6 f\u0151: \u20ac64<br \/>\n7-8 f\u0151: \u20ac70<br \/>\n9-18 f\u0151n: \u20ac180<br \/>\n18-49 f\u0151: \u20ac380<\/p>\n","protected":false},"excerpt":{"rendered":"<p>1\u20ac-340HUF \u00c1rak 1 \u00fatra 1-4 f\u0151: \u20ac30 5-6 f\u0151: \u20ac32 7-8 f\u0151: \u20ac35 9-18 f\u0151: \u20ac90 18-49 f\u0151: \u20ac190 \u00c1rak oda-vissza: 1-4 f\u0151: \u20ac60 5-6 f\u0151: \u20ac64 7-8 f\u0151: \u20ac70 9-18 f\u0151n: \u20ac180 18-49 f\u0151: \u20ac380<\/p>\n","protected":false},"featured_media":398,"comment_status":"open","ping_status":"closed","template":"","meta":[],"product_cat":[55],"product_tag":[],"class_list":{"0":"post-1396","1":"product","2":"type-product","3":"status-publish","4":"has-post-thumbnail","6":"product_cat-transzfer","8":"first","9":"instock","10":"virtual","11":"sold-individually","12":"purchasable","13":"product-type-booking","14":"prodpage-classic"},"yoast_head":"<!-- This site is optimized with the Yoast SEO plugin v24.0 - https:\/\/yoast.com\/wordpress\/plugins\/seo\/ -->\n<title>Budapest Rep\u00fcl\u0151t\u00e9ri Transzfer - Private Airport Transfers, Tours, Packages<\/title>\n<meta name=\"description\" content=\"\u00c9rkezzen id\u0151ben, utazzon k\u00e9nyelmesen, valassza Budapest legkiemelked\u0151bb rep\u00fcl\u0151t\u00e9ri transzfer szolg\u00e1ltat\u00e1s\u00e1t! Garant\u00e1lt pontoss\u00e1g - el\u00e9gedett \u00fcgyfelek!\" \/>\n<meta name=\"robots\" content=\"index, follow, max-snippet:-1, max-image-preview:large, max-video-preview:-1\" \/>\n<link rel=\"canonical\" href=\"https:\/\/shuttlesfrombudapest.com\/hu\/termek\/budapest-repuloteri-transzfer\/\" \/>\n<meta property=\"og:locale\" content=\"hu_HU\" \/>\n<meta property=\"og:type\" content=\"article\" \/>\n<meta property=\"og:title\" content=\"Budapest Rep\u00fcl\u0151t\u00e9ri Transzfer - Private Airport Transfers, Tours, Packages\" \/>\n<meta property=\"og:description\" content=\"\u00c9rkezzen id\u0151ben, utazzon k\u00e9nyelmesen, valassza Budapest legkiemelked\u0151bb rep\u00fcl\u0151t\u00e9ri transzfer szolg\u00e1ltat\u00e1s\u00e1t! Garant\u00e1lt pontoss\u00e1g - el\u00e9gedett \u00fcgyfelek!\" \/>\n<meta property=\"og:url\" content=\"https:\/\/shuttlesfrombudapest.com\/hu\/termek\/budapest-repuloteri-transzfer\/\" \/>\n<meta property=\"og:site_name\" content=\"Private Airport Transfers, Tours, Packages\" \/>\n<meta property=\"article:modified_time\" content=\"2025-05-21T10:51:59+00:00\" \/>\n<meta property=\"og:image\" content=\"https:\/\/shuttlesfrombudapest.com\/wp-content\/uploads\/2020\/06\/transfer-budapest.png\" \/>\n\t<meta property=\"og:image:width\" content=\"500\" \/>\n\t<meta property=\"og:image:height\" content=\"500\" \/>\n\t<meta property=\"og:image:type\" content=\"image\/png\" \/>\n<meta name=\"twitter:card\" content=\"summary_large_image\" \/>\n<script type=\"application\/ld+json\" class=\"yoast-schema-graph\">{\"@context\":\"https:\/\/schema.org\",\"@graph\":[{\"@type\":\"WebPage\",\"@id\":\"https:\/\/shuttlesfrombudapest.com\/hu\/termek\/budapest-repuloteri-transzfer\/\",\"url\":\"https:\/\/shuttlesfrombudapest.com\/hu\/termek\/budapest-repuloteri-transzfer\/\",\"name\":\"Budapest Rep\u00fcl\u0151t\u00e9ri Transzfer - Private Airport Transfers, Tours, Packages\",\"isPartOf\":{\"@id\":\"https:\/\/shuttlesfrombudapest.com\/hu\/#website\"},\"primaryImageOfPage\":{\"@id\":\"https:\/\/shuttlesfrombudapest.com\/hu\/termek\/budapest-repuloteri-transzfer\/#primaryimage\"},\"image\":{\"@id\":\"https:\/\/shuttlesfrombudapest.com\/hu\/termek\/budapest-repuloteri-transzfer\/#primaryimage\"},\"thumbnailUrl\":\"https:\/\/shuttlesfrombudapest.com\/wp-content\/uploads\/2020\/06\/transfer-budapest.png\",\"datePublished\":\"2020-08-05T12:31:49+00:00\",\"dateModified\":\"2025-05-21T10:51:59+00:00\",\"description\":\"\u00c9rkezzen id\u0151ben, utazzon k\u00e9nyelmesen, valassza Budapest legkiemelked\u0151bb rep\u00fcl\u0151t\u00e9ri transzfer szolg\u00e1ltat\u00e1s\u00e1t! Garant\u00e1lt pontoss\u00e1g - el\u00e9gedett \u00fcgyfelek!\",\"breadcrumb\":{\"@id\":\"https:\/\/shuttlesfrombudapest.com\/hu\/termek\/budapest-repuloteri-transzfer\/#breadcrumb\"},\"inLanguage\":\"hu\",\"potentialAction\":[{\"@type\":\"ReadAction\",\"target\":[\"https:\/\/shuttlesfrombudapest.com\/hu\/termek\/budapest-repuloteri-transzfer\/\"]}]},{\"@type\":\"ImageObject\",\"inLanguage\":\"hu\",\"@id\":\"https:\/\/shuttlesfrombudapest.com\/hu\/termek\/budapest-repuloteri-transzfer\/#primaryimage\",\"url\":\"https:\/\/shuttlesfrombudapest.com\/wp-content\/uploads\/2020\/06\/transfer-budapest.png\",\"contentUrl\":\"https:\/\/shuttlesfrombudapest.com\/wp-content\/uploads\/2020\/06\/transfer-budapest.png\",\"width\":500,\"height\":500,\"caption\":\"transfer budapest\"},{\"@type\":\"BreadcrumbList\",\"@id\":\"https:\/\/shuttlesfrombudapest.com\/hu\/termek\/budapest-repuloteri-transzfer\/#breadcrumb\",\"itemListElement\":[{\"@type\":\"ListItem\",\"position\":1,\"name\":\"Home\",\"item\":\"https:\/\/shuttlesfrombudapest.com\/hu\/\"},{\"@type\":\"ListItem\",\"position\":2,\"name\":\"Term\u00e9kek\",\"item\":\"https:\/\/shuttlesfrombudapest.com\/hu\/shop\/\"},{\"@type\":\"ListItem\",\"position\":3,\"name\":\"Budapest Rep\u00fcl\u0151t\u00e9ri Transzfer\"}]},{\"@type\":\"WebSite\",\"@id\":\"https:\/\/shuttlesfrombudapest.com\/hu\/#website\",\"url\":\"https:\/\/shuttlesfrombudapest.com\/hu\/\",\"name\":\"Private Airport Transfers, Tours, Packages\",\"description\":\"- Order Today, Travel Tomorrow\",\"potentialAction\":[{\"@type\":\"SearchAction\",\"target\":{\"@type\":\"EntryPoint\",\"urlTemplate\":\"https:\/\/shuttlesfrombudapest.com\/hu\/?s={search_term_string}\"},\"query-input\":{\"@type\":\"PropertyValueSpecification\",\"valueRequired\":true,\"valueName\":\"search_term_string\"}}],\"inLanguage\":\"hu\"}]}<\/script>\n<!-- \/ Yoast SEO plugin. -->","yoast_head_json":{"title":"Budapest Rep\u00fcl\u0151t\u00e9ri Transzfer - Private Airport Transfers, Tours, Packages","description":"\u00c9rkezzen id\u0151ben, utazzon k\u00e9nyelmesen, valassza Budapest legkiemelked\u0151bb rep\u00fcl\u0151t\u00e9ri transzfer szolg\u00e1ltat\u00e1s\u00e1t! Garant\u00e1lt pontoss\u00e1g - el\u00e9gedett \u00fcgyfelek!","robots":{"index":"index","follow":"follow","max-snippet":"max-snippet:-1","max-image-preview":"max-image-preview:large","max-video-preview":"max-video-preview:-1"},"canonical":"https:\/\/shuttlesfrombudapest.com\/hu\/termek\/budapest-repuloteri-transzfer\/","og_locale":"hu_HU","og_type":"article","og_title":"Budapest Rep\u00fcl\u0151t\u00e9ri Transzfer - Private Airport Transfers, Tours, Packages","og_description":"\u00c9rkezzen id\u0151ben, utazzon k\u00e9nyelmesen, valassza Budapest legkiemelked\u0151bb rep\u00fcl\u0151t\u00e9ri transzfer szolg\u00e1ltat\u00e1s\u00e1t! Garant\u00e1lt pontoss\u00e1g - el\u00e9gedett \u00fcgyfelek!","og_url":"https:\/\/shuttlesfrombudapest.com\/hu\/termek\/budapest-repuloteri-transzfer\/","og_site_name":"Private Airport Transfers, Tours, Packages","article_modified_time":"2025-05-21T10:51:59+00:00","og_image":[{"width":500,"height":500,"url":"https:\/\/shuttlesfrombudapest.com\/wp-content\/uploads\/2020\/06\/transfer-budapest.png","type":"image\/png"}],"twitter_card":"summary_large_image","schema":{"@context":"https:\/\/schema.org","@graph":[{"@type":"WebPage","@id":"https:\/\/shuttlesfrombudapest.com\/hu\/termek\/budapest-repuloteri-transzfer\/","url":"https:\/\/shuttlesfrombudapest.com\/hu\/termek\/budapest-repuloteri-transzfer\/","name":"Budapest Rep\u00fcl\u0151t\u00e9ri Transzfer - Private Airport Transfers, Tours, Packages","isPartOf":{"@id":"https:\/\/shuttlesfrombudapest.com\/hu\/#website"},"primaryImageOfPage":{"@id":"https:\/\/shuttlesfrombudapest.com\/hu\/termek\/budapest-repuloteri-transzfer\/#primaryimage"},"image":{"@id":"https:\/\/shuttlesfrombudapest.com\/hu\/termek\/budapest-repuloteri-transzfer\/#primaryimage"},"thumbnailUrl":"https:\/\/shuttlesfrombudapest.com\/wp-content\/uploads\/2020\/06\/transfer-budapest.png","datePublished":"2020-08-05T12:31:49+00:00","dateModified":"2025-05-21T10:51:59+00:00","description":"\u00c9rkezzen id\u0151ben, utazzon k\u00e9nyelmesen, valassza Budapest legkiemelked\u0151bb rep\u00fcl\u0151t\u00e9ri transzfer szolg\u00e1ltat\u00e1s\u00e1t! Garant\u00e1lt pontoss\u00e1g - el\u00e9gedett \u00fcgyfelek!","breadcrumb":{"@id":"https:\/\/shuttlesfrombudapest.com\/hu\/termek\/budapest-repuloteri-transzfer\/#breadcrumb"},"inLanguage":"hu","potentialAction":[{"@type":"ReadAction","target":["https:\/\/shuttlesfrombudapest.com\/hu\/termek\/budapest-repuloteri-transzfer\/"]}]},{"@type":"ImageObject","inLanguage":"hu","@id":"https:\/\/shuttlesfrombudapest.com\/hu\/termek\/budapest-repuloteri-transzfer\/#primaryimage","url":"https:\/\/shuttlesfrombudapest.com\/wp-content\/uploads\/2020\/06\/transfer-budapest.png","contentUrl":"https:\/\/shuttlesfrombudapest.com\/wp-content\/uploads\/2020\/06\/transfer-budapest.png","width":500,"height":500,"caption":"transfer budapest"},{"@type":"BreadcrumbList","@id":"https:\/\/shuttlesfrombudapest.com\/hu\/termek\/budapest-repuloteri-transzfer\/#breadcrumb","itemListElement":[{"@type":"ListItem","position":1,"name":"Home","item":"https:\/\/shuttlesfrombudapest.com\/hu\/"},{"@type":"ListItem","position":2,"name":"Term\u00e9kek","item":"https:\/\/shuttlesfrombudapest.com\/hu\/shop\/"},{"@type":"ListItem","position":3,"name":"Budapest Rep\u00fcl\u0151t\u00e9ri Transzfer"}]},{"@type":"WebSite","@id":"https:\/\/shuttlesfrombudapest.com\/hu\/#website","url":"https:\/\/shuttlesfrombudapest.com\/hu\/","name":"Private Airport Transfers, Tours, Packages","description":"- Order Today, Travel Tomorrow","potentialAction":[{"@type":"SearchAction","target":{"@type":"EntryPoint","urlTemplate":"https:\/\/shuttlesfrombudapest.com\/hu\/?s={search_term_string}"},"query-input":{"@type":"PropertyValueSpecification","valueRequired":true,"valueName":"search_term_string"}}],"inLanguage":"hu"}]}},"_links":{"self":[{"href":"https:\/\/shuttlesfrombudapest.com\/hu\/wp-json\/wp\/v2\/product\/1396","targetHints":{"allow":["GET"]}}],"collection":[{"href":"https:\/\/shuttlesfrombudapest.com\/hu\/wp-json\/wp\/v2\/product"}],"about":[{"href":"https:\/\/shuttlesfrombudapest.com\/hu\/wp-json\/wp\/v2\/types\/product"}],"replies":[{"embeddable":true,"href":"https:\/\/shuttlesfrombudapest.com\/hu\/wp-json\/wp\/v2\/comments?post=1396"}],"wp:featuredmedia":[{"embeddable":true,"href":"https:\/\/shuttlesfrombudapest.com\/hu\/wp-json\/wp\/v2\/media\/398"}],"wp:attachment":[{"href":"https:\/\/shuttlesfrombudapest.com\/hu\/wp-json\/wp\/v2\/media?parent=1396"}],"wp:term":[{"taxonomy":"product_cat","embeddable":true,"href":"https:\/\/shuttlesfrombudapest.com\/hu\/wp-json\/wp\/v2\/product_cat?post=1396"},{"taxonomy":"product_tag","embeddable":true,"href":"https:\/\/shuttlesfrombudapest.com\/hu\/wp-json\/wp\/v2\/product_tag?post=1396"}],"curies":[{"name":"wp","href":"https:\/\/api.w.org\/{rel}","templated":true}]}}