{"id":1315,"date":"2020-06-21T21:46:32","date_gmt":"2020-07-27T07:34:45","guid":{"rendered":"https:\/\/shuttlesfrombudapest.com\/?post_type=product&#038;p=1315"},"modified":"2025-04-12T18:48:41","modified_gmt":"2025-04-12T18:48:41","slug":"folklor-est-es-vacsora","status":"publish","type":"product","link":"https:\/\/shuttlesfrombudapest.com\/hu\/termek\/folklor-est-es-vacsora\/","title":{"rendered":"Folkl\u00f3r est \u00e9s vacsora"},"content":{"rendered":"","protected":false},"excerpt":{"rendered":"","protected":false},"featured_media":795,"comment_status":"open","ping_status":"closed","template":"","meta":[],"product_cat":[56,54],"product_tag":[],"class_list":{"0":"post-1315","1":"product","2":"type-product","3":"status-publish","4":"has-post-thumbnail","6":"product_cat-hajozas","7":"product_cat-tura","9":"first","10":"instock","11":"virtual","12":"sold-individually","13":"purchasable","14":"product-type-booking","15":"prodpage-classic"},"yoast_head":"<!-- This site is optimized with the Yoast SEO plugin v24.0 - https:\/\/yoast.com\/wordpress\/plugins\/seo\/ -->\n<title>Folkl\u00f3r est \u00e9s vacsora - Private Airport Transfers, Tours, Packages<\/title>\n<meta name=\"description\" content=\"Csatlakozz hozz\u00e1nk, \u00e9s l\u00e9gy Te is r\u00e9szese az egyedi \u00e9lm\u00e9nynek, amelyet a Folkl\u00f3r est \u00e9s vacsora ny\u00fajt a vend\u00e9gek sz\u00e1m\u00e1ra!\" \/>\n<meta name=\"robots\" content=\"index, follow, max-snippet:-1, max-image-preview:large, max-video-preview:-1\" \/>\n<link rel=\"canonical\" href=\"https:\/\/shuttlesfrombudapest.com\/hu\/termek\/folklor-est-es-vacsora\/\" \/>\n<meta property=\"og:locale\" content=\"hu_HU\" \/>\n<meta property=\"og:type\" content=\"article\" \/>\n<meta property=\"og:title\" content=\"Folkl\u00f3r est \u00e9s vacsora - Private Airport Transfers, Tours, Packages\" \/>\n<meta property=\"og:description\" content=\"Csatlakozz hozz\u00e1nk, \u00e9s l\u00e9gy Te is r\u00e9szese az egyedi \u00e9lm\u00e9nynek, amelyet a Folkl\u00f3r est \u00e9s vacsora ny\u00fajt a vend\u00e9gek sz\u00e1m\u00e1ra!\" \/>\n<meta property=\"og:url\" content=\"https:\/\/shuttlesfrombudapest.com\/hu\/termek\/folklor-est-es-vacsora\/\" \/>\n<meta property=\"og:site_name\" content=\"Private Airport Transfers, Tours, Packages\" \/>\n<meta property=\"article:modified_time\" content=\"2025-04-12T18:48:41+00:00\" \/>\n<meta property=\"og:image\" content=\"https:\/\/shuttlesfrombudapest.com\/wp-content\/uploads\/2020\/06\/folklore-and-danube-river-cruise.jpg\" \/>\n\t<meta property=\"og:image:width\" content=\"500\" \/>\n\t<meta property=\"og:image:height\" content=\"500\" \/>\n\t<meta property=\"og:image:type\" content=\"image\/jpeg\" \/>\n<meta name=\"twitter:card\" content=\"summary_large_image\" \/>\n<script type=\"application\/ld+json\" class=\"yoast-schema-graph\">{\"@context\":\"https:\/\/schema.org\",\"@graph\":[{\"@type\":\"WebPage\",\"@id\":\"https:\/\/shuttlesfrombudapest.com\/hu\/termek\/folklor-est-es-vacsora\/\",\"url\":\"https:\/\/shuttlesfrombudapest.com\/hu\/termek\/folklor-est-es-vacsora\/\",\"name\":\"Folkl\u00f3r est \u00e9s vacsora - Private Airport Transfers, Tours, Packages\",\"isPartOf\":{\"@id\":\"https:\/\/shuttlesfrombudapest.com\/hu\/#website\"},\"primaryImageOfPage\":{\"@id\":\"https:\/\/shuttlesfrombudapest.com\/hu\/termek\/folklor-est-es-vacsora\/#primaryimage\"},\"image\":{\"@id\":\"https:\/\/shuttlesfrombudapest.com\/hu\/termek\/folklor-est-es-vacsora\/#primaryimage\"},\"thumbnailUrl\":\"https:\/\/shuttlesfrombudapest.com\/wp-content\/uploads\/2020\/06\/folklore-and-danube-river-cruise.jpg\",\"datePublished\":\"2020-07-27T07:34:45+00:00\",\"dateModified\":\"2025-04-12T18:48:41+00:00\",\"description\":\"Csatlakozz hozz\u00e1nk, \u00e9s l\u00e9gy Te is r\u00e9szese az egyedi \u00e9lm\u00e9nynek, amelyet a Folkl\u00f3r est \u00e9s vacsora ny\u00fajt a vend\u00e9gek sz\u00e1m\u00e1ra!\",\"breadcrumb\":{\"@id\":\"https:\/\/shuttlesfrombudapest.com\/hu\/termek\/folklor-est-es-vacsora\/#breadcrumb\"},\"inLanguage\":\"hu\",\"potentialAction\":[{\"@type\":\"ReadAction\",\"target\":[\"https:\/\/shuttlesfrombudapest.com\/hu\/termek\/folklor-est-es-vacsora\/\"]}]},{\"@type\":\"ImageObject\",\"inLanguage\":\"hu\",\"@id\":\"https:\/\/shuttlesfrombudapest.com\/hu\/termek\/folklor-est-es-vacsora\/#primaryimage\",\"url\":\"https:\/\/shuttlesfrombudapest.com\/wp-content\/uploads\/2020\/06\/folklore-and-danube-river-cruise.jpg\",\"contentUrl\":\"https:\/\/shuttlesfrombudapest.com\/wp-content\/uploads\/2020\/06\/folklore-and-danube-river-cruise.jpg\",\"width\":500,\"height\":500,\"caption\":\"folklore and danube river cruise\"},{\"@type\":\"BreadcrumbList\",\"@id\":\"https:\/\/shuttlesfrombudapest.com\/hu\/termek\/folklor-est-es-vacsora\/#breadcrumb\",\"itemListElement\":[{\"@type\":\"ListItem\",\"position\":1,\"name\":\"Home\",\"item\":\"https:\/\/shuttlesfrombudapest.com\/hu\/\"},{\"@type\":\"ListItem\",\"position\":2,\"name\":\"Term\u00e9kek\",\"item\":\"https:\/\/shuttlesfrombudapest.com\/hu\/shop\/\"},{\"@type\":\"ListItem\",\"position\":3,\"name\":\"Folkl\u00f3r est \u00e9s vacsora\"}]},{\"@type\":\"WebSite\",\"@id\":\"https:\/\/shuttlesfrombudapest.com\/hu\/#website\",\"url\":\"https:\/\/shuttlesfrombudapest.com\/hu\/\",\"name\":\"Private Airport Transfers, Tours, Packages\",\"description\":\"- Order Today, Travel Tomorrow\",\"potentialAction\":[{\"@type\":\"SearchAction\",\"target\":{\"@type\":\"EntryPoint\",\"urlTemplate\":\"https:\/\/shuttlesfrombudapest.com\/hu\/?s={search_term_string}\"},\"query-input\":{\"@type\":\"PropertyValueSpecification\",\"valueRequired\":true,\"valueName\":\"search_term_string\"}}],\"inLanguage\":\"hu\"}]}<\/script>\n<!-- \/ Yoast SEO plugin. -->","yoast_head_json":{"title":"Folkl\u00f3r est \u00e9s vacsora - Private Airport Transfers, Tours, Packages","description":"Csatlakozz hozz\u00e1nk, \u00e9s l\u00e9gy Te is r\u00e9szese az egyedi \u00e9lm\u00e9nynek, amelyet a Folkl\u00f3r est \u00e9s vacsora ny\u00fajt a vend\u00e9gek sz\u00e1m\u00e1ra!","robots":{"index":"index","follow":"follow","max-snippet":"max-snippet:-1","max-image-preview":"max-image-preview:large","max-video-preview":"max-video-preview:-1"},"canonical":"https:\/\/shuttlesfrombudapest.com\/hu\/termek\/folklor-est-es-vacsora\/","og_locale":"hu_HU","og_type":"article","og_title":"Folkl\u00f3r est \u00e9s vacsora - Private Airport Transfers, Tours, Packages","og_description":"Csatlakozz hozz\u00e1nk, \u00e9s l\u00e9gy Te is r\u00e9szese az egyedi \u00e9lm\u00e9nynek, amelyet a Folkl\u00f3r est \u00e9s vacsora ny\u00fajt a vend\u00e9gek sz\u00e1m\u00e1ra!","og_url":"https:\/\/shuttlesfrombudapest.com\/hu\/termek\/folklor-est-es-vacsora\/","og_site_name":"Private Airport Transfers, Tours, Packages","article_modified_time":"2025-04-12T18:48:41+00:00","og_image":[{"width":500,"height":500,"url":"https:\/\/shuttlesfrombudapest.com\/wp-content\/uploads\/2020\/06\/folklore-and-danube-river-cruise.jpg","type":"image\/jpeg"}],"twitter_card":"summary_large_image","schema":{"@context":"https:\/\/schema.org","@graph":[{"@type":"WebPage","@id":"https:\/\/shuttlesfrombudapest.com\/hu\/termek\/folklor-est-es-vacsora\/","url":"https:\/\/shuttlesfrombudapest.com\/hu\/termek\/folklor-est-es-vacsora\/","name":"Folkl\u00f3r est \u00e9s vacsora - Private Airport Transfers, Tours, Packages","isPartOf":{"@id":"https:\/\/shuttlesfrombudapest.com\/hu\/#website"},"primaryImageOfPage":{"@id":"https:\/\/shuttlesfrombudapest.com\/hu\/termek\/folklor-est-es-vacsora\/#primaryimage"},"image":{"@id":"https:\/\/shuttlesfrombudapest.com\/hu\/termek\/folklor-est-es-vacsora\/#primaryimage"},"thumbnailUrl":"https:\/\/shuttlesfrombudapest.com\/wp-content\/uploads\/2020\/06\/folklore-and-danube-river-cruise.jpg","datePublished":"2020-07-27T07:34:45+00:00","dateModified":"2025-04-12T18:48:41+00:00","description":"Csatlakozz hozz\u00e1nk, \u00e9s l\u00e9gy Te is r\u00e9szese az egyedi \u00e9lm\u00e9nynek, amelyet a Folkl\u00f3r est \u00e9s vacsora ny\u00fajt a vend\u00e9gek sz\u00e1m\u00e1ra!","breadcrumb":{"@id":"https:\/\/shuttlesfrombudapest.com\/hu\/termek\/folklor-est-es-vacsora\/#breadcrumb"},"inLanguage":"hu","potentialAction":[{"@type":"ReadAction","target":["https:\/\/shuttlesfrombudapest.com\/hu\/termek\/folklor-est-es-vacsora\/"]}]},{"@type":"ImageObject","inLanguage":"hu","@id":"https:\/\/shuttlesfrombudapest.com\/hu\/termek\/folklor-est-es-vacsora\/#primaryimage","url":"https:\/\/shuttlesfrombudapest.com\/wp-content\/uploads\/2020\/06\/folklore-and-danube-river-cruise.jpg","contentUrl":"https:\/\/shuttlesfrombudapest.com\/wp-content\/uploads\/2020\/06\/folklore-and-danube-river-cruise.jpg","width":500,"height":500,"caption":"folklore and danube river cruise"},{"@type":"BreadcrumbList","@id":"https:\/\/shuttlesfrombudapest.com\/hu\/termek\/folklor-est-es-vacsora\/#breadcrumb","itemListElement":[{"@type":"ListItem","position":1,"name":"Home","item":"https:\/\/shuttlesfrombudapest.com\/hu\/"},{"@type":"ListItem","position":2,"name":"Term\u00e9kek","item":"https:\/\/shuttlesfrombudapest.com\/hu\/shop\/"},{"@type":"ListItem","position":3,"name":"Folkl\u00f3r est \u00e9s vacsora"}]},{"@type":"WebSite","@id":"https:\/\/shuttlesfrombudapest.com\/hu\/#website","url":"https:\/\/shuttlesfrombudapest.com\/hu\/","name":"Private Airport Transfers, Tours, Packages","description":"- Order Today, Travel Tomorrow","potentialAction":[{"@type":"SearchAction","target":{"@type":"EntryPoint","urlTemplate":"https:\/\/shuttlesfrombudapest.com\/hu\/?s={search_term_string}"},"query-input":{"@type":"PropertyValueSpecification","valueRequired":true,"valueName":"search_term_string"}}],"inLanguage":"hu"}]}},"_links":{"self":[{"href":"https:\/\/shuttlesfrombudapest.com\/hu\/wp-json\/wp\/v2\/product\/1315","targetHints":{"allow":["GET"]}}],"collection":[{"href":"https:\/\/shuttlesfrombudapest.com\/hu\/wp-json\/wp\/v2\/product"}],"about":[{"href":"https:\/\/shuttlesfrombudapest.com\/hu\/wp-json\/wp\/v2\/types\/product"}],"replies":[{"embeddable":true,"href":"https:\/\/shuttlesfrombudapest.com\/hu\/wp-json\/wp\/v2\/comments?post=1315"}],"wp:featuredmedia":[{"embeddable":true,"href":"https:\/\/shuttlesfrombudapest.com\/hu\/wp-json\/wp\/v2\/media\/795"}],"wp:attachment":[{"href":"https:\/\/shuttlesfrombudapest.com\/hu\/wp-json\/wp\/v2\/media?parent=1315"}],"wp:term":[{"taxonomy":"product_cat","embeddable":true,"href":"https:\/\/shuttlesfrombudapest.com\/hu\/wp-json\/wp\/v2\/product_cat?post=1315"},{"taxonomy":"product_tag","embeddable":true,"href":"https:\/\/shuttlesfrombudapest.com\/hu\/wp-json\/wp\/v2\/product_tag?post=1315"}],"curies":[{"name":"wp","href":"https:\/\/api.w.org\/{rel}","templated":true}]}}