{"id":1227,"date":"2020-06-21T20:01:17","date_gmt":"2020-06-21T20:01:17","guid":{"rendered":"https:\/\/shuttlesfrombudapest.com\/product\/parlament-tura-budapest\/"},"modified":"2023-12-21T21:44:58","modified_gmt":"2023-12-21T21:44:58","slug":"parlament-tura-budapest","status":"publish","type":"product","link":"https:\/\/shuttlesfrombudapest.com\/hu\/termek\/parlament-tura-budapest\/","title":{"rendered":"Parlament T\u00fara Budapest"},"content":{"rendered":"","protected":false},"excerpt":{"rendered":"","protected":false},"featured_media":680,"comment_status":"open","ping_status":"closed","template":"","meta":[],"product_cat":[54],"product_tag":[],"class_list":{"0":"post-1227","1":"product","2":"type-product","3":"status-publish","4":"has-post-thumbnail","6":"product_cat-tura","8":"first","9":"instock","10":"virtual","11":"sold-individually","12":"purchasable","13":"product-type-booking","14":"prodpage-classic"},"yoast_head":"<!-- This site is optimized with the Yoast SEO plugin v24.0 - https:\/\/yoast.com\/wordpress\/plugins\/seo\/ -->\n<title>Parlament T\u00fara Budapest - Private Airport Transfers, Tours, Packages<\/title>\n<meta name=\"description\" content=\"Parlament T\u00fara Budapesten - L\u00e1togasd meg a vil\u00e1g harmadik legnagyobb Parlamentj\u00e9t, mik\u00f6zben a magyar t\u00f6rt\u00e9nelem r\u00e9szese lehetsz! T\u00e9gy egy s\u00e9t\u00e1t a v\u00e1rban!\" \/>\n<meta name=\"robots\" content=\"index, follow, max-snippet:-1, max-image-preview:large, max-video-preview:-1\" \/>\n<link rel=\"canonical\" href=\"https:\/\/shuttlesfrombudapest.com\/hu\/termek\/parlament-tura-budapest\/\" \/>\n<meta property=\"og:locale\" content=\"hu_HU\" \/>\n<meta property=\"og:type\" content=\"article\" \/>\n<meta property=\"og:title\" content=\"Parlament T\u00fara Budapest - Private Airport Transfers, Tours, Packages\" \/>\n<meta property=\"og:description\" content=\"Parlament T\u00fara Budapesten - L\u00e1togasd meg a vil\u00e1g harmadik legnagyobb Parlamentj\u00e9t, mik\u00f6zben a magyar t\u00f6rt\u00e9nelem r\u00e9szese lehetsz! T\u00e9gy egy s\u00e9t\u00e1t a v\u00e1rban!\" \/>\n<meta property=\"og:url\" content=\"https:\/\/shuttlesfrombudapest.com\/hu\/termek\/parlament-tura-budapest\/\" \/>\n<meta property=\"og:site_name\" content=\"Private Airport Transfers, Tours, Packages\" \/>\n<meta property=\"article:modified_time\" content=\"2023-12-21T21:44:58+00:00\" \/>\n<meta property=\"og:image\" content=\"https:\/\/shuttlesfrombudapest.com\/wp-content\/uploads\/2020\/06\/parliament-tour-budapest.jpg\" \/>\n\t<meta property=\"og:image:width\" content=\"500\" \/>\n\t<meta property=\"og:image:height\" content=\"500\" \/>\n\t<meta property=\"og:image:type\" content=\"image\/jpeg\" \/>\n<meta name=\"twitter:card\" content=\"summary_large_image\" \/>\n<script type=\"application\/ld+json\" class=\"yoast-schema-graph\">{\"@context\":\"https:\/\/schema.org\",\"@graph\":[{\"@type\":\"WebPage\",\"@id\":\"https:\/\/shuttlesfrombudapest.com\/hu\/termek\/parlament-tura-budapest\/\",\"url\":\"https:\/\/shuttlesfrombudapest.com\/hu\/termek\/parlament-tura-budapest\/\",\"name\":\"Parlament T\u00fara Budapest - Private Airport Transfers, Tours, Packages\",\"isPartOf\":{\"@id\":\"https:\/\/shuttlesfrombudapest.com\/hu\/#website\"},\"primaryImageOfPage\":{\"@id\":\"https:\/\/shuttlesfrombudapest.com\/hu\/termek\/parlament-tura-budapest\/#primaryimage\"},\"image\":{\"@id\":\"https:\/\/shuttlesfrombudapest.com\/hu\/termek\/parlament-tura-budapest\/#primaryimage\"},\"thumbnailUrl\":\"https:\/\/shuttlesfrombudapest.com\/wp-content\/uploads\/2020\/06\/parliament-tour-budapest.jpg\",\"datePublished\":\"2020-06-21T20:01:17+00:00\",\"dateModified\":\"2023-12-21T21:44:58+00:00\",\"description\":\"Parlament T\u00fara Budapesten - L\u00e1togasd meg a vil\u00e1g harmadik legnagyobb Parlamentj\u00e9t, mik\u00f6zben a magyar t\u00f6rt\u00e9nelem r\u00e9szese lehetsz! T\u00e9gy egy s\u00e9t\u00e1t a v\u00e1rban!\",\"breadcrumb\":{\"@id\":\"https:\/\/shuttlesfrombudapest.com\/hu\/termek\/parlament-tura-budapest\/#breadcrumb\"},\"inLanguage\":\"hu\",\"potentialAction\":[{\"@type\":\"ReadAction\",\"target\":[\"https:\/\/shuttlesfrombudapest.com\/hu\/termek\/parlament-tura-budapest\/\"]}]},{\"@type\":\"ImageObject\",\"inLanguage\":\"hu\",\"@id\":\"https:\/\/shuttlesfrombudapest.com\/hu\/termek\/parlament-tura-budapest\/#primaryimage\",\"url\":\"https:\/\/shuttlesfrombudapest.com\/wp-content\/uploads\/2020\/06\/parliament-tour-budapest.jpg\",\"contentUrl\":\"https:\/\/shuttlesfrombudapest.com\/wp-content\/uploads\/2020\/06\/parliament-tour-budapest.jpg\",\"width\":500,\"height\":500,\"caption\":\"parliament tour budapest\"},{\"@type\":\"BreadcrumbList\",\"@id\":\"https:\/\/shuttlesfrombudapest.com\/hu\/termek\/parlament-tura-budapest\/#breadcrumb\",\"itemListElement\":[{\"@type\":\"ListItem\",\"position\":1,\"name\":\"Home\",\"item\":\"https:\/\/shuttlesfrombudapest.com\/hu\/\"},{\"@type\":\"ListItem\",\"position\":2,\"name\":\"Term\u00e9kek\",\"item\":\"https:\/\/shuttlesfrombudapest.com\/hu\/shop\/\"},{\"@type\":\"ListItem\",\"position\":3,\"name\":\"Parlament T\u00fara Budapest\"}]},{\"@type\":\"WebSite\",\"@id\":\"https:\/\/shuttlesfrombudapest.com\/hu\/#website\",\"url\":\"https:\/\/shuttlesfrombudapest.com\/hu\/\",\"name\":\"Private Airport Transfers, Tours, Packages\",\"description\":\"- Order Today, Travel Tomorrow\",\"potentialAction\":[{\"@type\":\"SearchAction\",\"target\":{\"@type\":\"EntryPoint\",\"urlTemplate\":\"https:\/\/shuttlesfrombudapest.com\/hu\/?s={search_term_string}\"},\"query-input\":{\"@type\":\"PropertyValueSpecification\",\"valueRequired\":true,\"valueName\":\"search_term_string\"}}],\"inLanguage\":\"hu\"}]}<\/script>\n<!-- \/ Yoast SEO plugin. -->","yoast_head_json":{"title":"Parlament T\u00fara Budapest - Private Airport Transfers, Tours, Packages","description":"Parlament T\u00fara Budapesten - L\u00e1togasd meg a vil\u00e1g harmadik legnagyobb Parlamentj\u00e9t, mik\u00f6zben a magyar t\u00f6rt\u00e9nelem r\u00e9szese lehetsz! T\u00e9gy egy s\u00e9t\u00e1t a v\u00e1rban!","robots":{"index":"index","follow":"follow","max-snippet":"max-snippet:-1","max-image-preview":"max-image-preview:large","max-video-preview":"max-video-preview:-1"},"canonical":"https:\/\/shuttlesfrombudapest.com\/hu\/termek\/parlament-tura-budapest\/","og_locale":"hu_HU","og_type":"article","og_title":"Parlament T\u00fara Budapest - Private Airport Transfers, Tours, Packages","og_description":"Parlament T\u00fara Budapesten - L\u00e1togasd meg a vil\u00e1g harmadik legnagyobb Parlamentj\u00e9t, mik\u00f6zben a magyar t\u00f6rt\u00e9nelem r\u00e9szese lehetsz! T\u00e9gy egy s\u00e9t\u00e1t a v\u00e1rban!","og_url":"https:\/\/shuttlesfrombudapest.com\/hu\/termek\/parlament-tura-budapest\/","og_site_name":"Private Airport Transfers, Tours, Packages","article_modified_time":"2023-12-21T21:44:58+00:00","og_image":[{"width":500,"height":500,"url":"https:\/\/shuttlesfrombudapest.com\/wp-content\/uploads\/2020\/06\/parliament-tour-budapest.jpg","type":"image\/jpeg"}],"twitter_card":"summary_large_image","schema":{"@context":"https:\/\/schema.org","@graph":[{"@type":"WebPage","@id":"https:\/\/shuttlesfrombudapest.com\/hu\/termek\/parlament-tura-budapest\/","url":"https:\/\/shuttlesfrombudapest.com\/hu\/termek\/parlament-tura-budapest\/","name":"Parlament T\u00fara Budapest - Private Airport Transfers, Tours, Packages","isPartOf":{"@id":"https:\/\/shuttlesfrombudapest.com\/hu\/#website"},"primaryImageOfPage":{"@id":"https:\/\/shuttlesfrombudapest.com\/hu\/termek\/parlament-tura-budapest\/#primaryimage"},"image":{"@id":"https:\/\/shuttlesfrombudapest.com\/hu\/termek\/parlament-tura-budapest\/#primaryimage"},"thumbnailUrl":"https:\/\/shuttlesfrombudapest.com\/wp-content\/uploads\/2020\/06\/parliament-tour-budapest.jpg","datePublished":"2020-06-21T20:01:17+00:00","dateModified":"2023-12-21T21:44:58+00:00","description":"Parlament T\u00fara Budapesten - L\u00e1togasd meg a vil\u00e1g harmadik legnagyobb Parlamentj\u00e9t, mik\u00f6zben a magyar t\u00f6rt\u00e9nelem r\u00e9szese lehetsz! T\u00e9gy egy s\u00e9t\u00e1t a v\u00e1rban!","breadcrumb":{"@id":"https:\/\/shuttlesfrombudapest.com\/hu\/termek\/parlament-tura-budapest\/#breadcrumb"},"inLanguage":"hu","potentialAction":[{"@type":"ReadAction","target":["https:\/\/shuttlesfrombudapest.com\/hu\/termek\/parlament-tura-budapest\/"]}]},{"@type":"ImageObject","inLanguage":"hu","@id":"https:\/\/shuttlesfrombudapest.com\/hu\/termek\/parlament-tura-budapest\/#primaryimage","url":"https:\/\/shuttlesfrombudapest.com\/wp-content\/uploads\/2020\/06\/parliament-tour-budapest.jpg","contentUrl":"https:\/\/shuttlesfrombudapest.com\/wp-content\/uploads\/2020\/06\/parliament-tour-budapest.jpg","width":500,"height":500,"caption":"parliament tour budapest"},{"@type":"BreadcrumbList","@id":"https:\/\/shuttlesfrombudapest.com\/hu\/termek\/parlament-tura-budapest\/#breadcrumb","itemListElement":[{"@type":"ListItem","position":1,"name":"Home","item":"https:\/\/shuttlesfrombudapest.com\/hu\/"},{"@type":"ListItem","position":2,"name":"Term\u00e9kek","item":"https:\/\/shuttlesfrombudapest.com\/hu\/shop\/"},{"@type":"ListItem","position":3,"name":"Parlament T\u00fara Budapest"}]},{"@type":"WebSite","@id":"https:\/\/shuttlesfrombudapest.com\/hu\/#website","url":"https:\/\/shuttlesfrombudapest.com\/hu\/","name":"Private Airport Transfers, Tours, Packages","description":"- Order Today, Travel Tomorrow","potentialAction":[{"@type":"SearchAction","target":{"@type":"EntryPoint","urlTemplate":"https:\/\/shuttlesfrombudapest.com\/hu\/?s={search_term_string}"},"query-input":{"@type":"PropertyValueSpecification","valueRequired":true,"valueName":"search_term_string"}}],"inLanguage":"hu"}]}},"_links":{"self":[{"href":"https:\/\/shuttlesfrombudapest.com\/hu\/wp-json\/wp\/v2\/product\/1227","targetHints":{"allow":["GET"]}}],"collection":[{"href":"https:\/\/shuttlesfrombudapest.com\/hu\/wp-json\/wp\/v2\/product"}],"about":[{"href":"https:\/\/shuttlesfrombudapest.com\/hu\/wp-json\/wp\/v2\/types\/product"}],"replies":[{"embeddable":true,"href":"https:\/\/shuttlesfrombudapest.com\/hu\/wp-json\/wp\/v2\/comments?post=1227"}],"wp:featuredmedia":[{"embeddable":true,"href":"https:\/\/shuttlesfrombudapest.com\/hu\/wp-json\/wp\/v2\/media\/680"}],"wp:attachment":[{"href":"https:\/\/shuttlesfrombudapest.com\/hu\/wp-json\/wp\/v2\/media?parent=1227"}],"wp:term":[{"taxonomy":"product_cat","embeddable":true,"href":"https:\/\/shuttlesfrombudapest.com\/hu\/wp-json\/wp\/v2\/product_cat?post=1227"},{"taxonomy":"product_tag","embeddable":true,"href":"https:\/\/shuttlesfrombudapest.com\/hu\/wp-json\/wp\/v2\/product_tag?post=1227"}],"curies":[{"name":"wp","href":"https:\/\/api.w.org\/{rel}","templated":true}]}}