{"id":1157,"date":"2020-06-21T19:43:07","date_gmt":"2020-06-21T19:43:07","guid":{"rendered":"https:\/\/shuttlesfrombudapest.com\/product\/budapesti-varosnezes\/"},"modified":"2024-07-29T12:56:30","modified_gmt":"2024-07-29T12:56:30","slug":"budapesti-varosnezes","status":"publish","type":"product","link":"https:\/\/shuttlesfrombudapest.com\/hu\/termek\/budapesti-varosnezes\/","title":{"rendered":"Budapesti V\u00e1rosn\u00e9z\u00e9s"},"content":{"rendered":"","protected":false},"excerpt":{"rendered":"","protected":false},"featured_media":671,"comment_status":"open","ping_status":"closed","template":"","meta":[],"product_cat":[54],"product_tag":[],"class_list":{"0":"post-1157","1":"product","2":"type-product","3":"status-publish","4":"has-post-thumbnail","6":"product_cat-tura","8":"first","9":"instock","10":"virtual","11":"sold-individually","12":"purchasable","13":"product-type-booking","14":"prodpage-classic"},"yoast_head":"<!-- This site is optimized with the Yoast SEO plugin v24.0 - https:\/\/yoast.com\/wordpress\/plugins\/seo\/ -->\n<title>Budapesti V\u00e1rosn\u00e9z\u00e9s - Private Airport Transfers, Tours, Packages<\/title>\n<meta name=\"description\" content=\"Budapesti v\u00e1rosn\u00e9z\u00e9s, l\u00e1togassuk meg egy\u00fctt a H\u0151s\u00f6k ter\u00e9t, a Parlament \u00e9p\u00fclet\u00e9t \u00e9s megannyi l\u00e1tnival\u00f3t a magyar f\u0151v\u00e1rosban!\" \/>\n<meta name=\"robots\" content=\"index, follow, max-snippet:-1, max-image-preview:large, max-video-preview:-1\" \/>\n<link rel=\"canonical\" href=\"https:\/\/shuttlesfrombudapest.com\/hu\/termek\/budapesti-varosnezes\/\" \/>\n<meta property=\"og:locale\" content=\"hu_HU\" \/>\n<meta property=\"og:type\" content=\"article\" \/>\n<meta property=\"og:title\" content=\"Budapesti V\u00e1rosn\u00e9z\u00e9s - Private Airport Transfers, Tours, Packages\" \/>\n<meta property=\"og:description\" content=\"Budapesti v\u00e1rosn\u00e9z\u00e9s, l\u00e1togassuk meg egy\u00fctt a H\u0151s\u00f6k ter\u00e9t, a Parlament \u00e9p\u00fclet\u00e9t \u00e9s megannyi l\u00e1tnival\u00f3t a magyar f\u0151v\u00e1rosban!\" \/>\n<meta property=\"og:url\" content=\"https:\/\/shuttlesfrombudapest.com\/hu\/termek\/budapesti-varosnezes\/\" \/>\n<meta property=\"og:site_name\" content=\"Private Airport Transfers, Tours, Packages\" \/>\n<meta property=\"article:modified_time\" content=\"2024-07-29T12:56:30+00:00\" \/>\n<meta property=\"og:image\" content=\"https:\/\/shuttlesfrombudapest.com\/wp-content\/uploads\/2020\/06\/budapest-sightseeing-tour.jpg\" \/>\n\t<meta property=\"og:image:width\" content=\"500\" \/>\n\t<meta property=\"og:image:height\" content=\"500\" \/>\n\t<meta property=\"og:image:type\" content=\"image\/jpeg\" \/>\n<meta name=\"twitter:card\" content=\"summary_large_image\" \/>\n<script type=\"application\/ld+json\" class=\"yoast-schema-graph\">{\"@context\":\"https:\/\/schema.org\",\"@graph\":[{\"@type\":\"WebPage\",\"@id\":\"https:\/\/shuttlesfrombudapest.com\/hu\/termek\/budapesti-varosnezes\/\",\"url\":\"https:\/\/shuttlesfrombudapest.com\/hu\/termek\/budapesti-varosnezes\/\",\"name\":\"Budapesti V\u00e1rosn\u00e9z\u00e9s - Private Airport Transfers, Tours, Packages\",\"isPartOf\":{\"@id\":\"https:\/\/shuttlesfrombudapest.com\/hu\/#website\"},\"primaryImageOfPage\":{\"@id\":\"https:\/\/shuttlesfrombudapest.com\/hu\/termek\/budapesti-varosnezes\/#primaryimage\"},\"image\":{\"@id\":\"https:\/\/shuttlesfrombudapest.com\/hu\/termek\/budapesti-varosnezes\/#primaryimage\"},\"thumbnailUrl\":\"https:\/\/shuttlesfrombudapest.com\/wp-content\/uploads\/2020\/06\/budapest-sightseeing-tour.jpg\",\"datePublished\":\"2020-06-21T19:43:07+00:00\",\"dateModified\":\"2024-07-29T12:56:30+00:00\",\"description\":\"Budapesti v\u00e1rosn\u00e9z\u00e9s, l\u00e1togassuk meg egy\u00fctt a H\u0151s\u00f6k ter\u00e9t, a Parlament \u00e9p\u00fclet\u00e9t \u00e9s megannyi l\u00e1tnival\u00f3t a magyar f\u0151v\u00e1rosban!\",\"breadcrumb\":{\"@id\":\"https:\/\/shuttlesfrombudapest.com\/hu\/termek\/budapesti-varosnezes\/#breadcrumb\"},\"inLanguage\":\"hu\",\"potentialAction\":[{\"@type\":\"ReadAction\",\"target\":[\"https:\/\/shuttlesfrombudapest.com\/hu\/termek\/budapesti-varosnezes\/\"]}]},{\"@type\":\"ImageObject\",\"inLanguage\":\"hu\",\"@id\":\"https:\/\/shuttlesfrombudapest.com\/hu\/termek\/budapesti-varosnezes\/#primaryimage\",\"url\":\"https:\/\/shuttlesfrombudapest.com\/wp-content\/uploads\/2020\/06\/budapest-sightseeing-tour.jpg\",\"contentUrl\":\"https:\/\/shuttlesfrombudapest.com\/wp-content\/uploads\/2020\/06\/budapest-sightseeing-tour.jpg\",\"width\":500,\"height\":500,\"caption\":\"budapest sightseeing tour\"},{\"@type\":\"BreadcrumbList\",\"@id\":\"https:\/\/shuttlesfrombudapest.com\/hu\/termek\/budapesti-varosnezes\/#breadcrumb\",\"itemListElement\":[{\"@type\":\"ListItem\",\"position\":1,\"name\":\"Home\",\"item\":\"https:\/\/shuttlesfrombudapest.com\/hu\/\"},{\"@type\":\"ListItem\",\"position\":2,\"name\":\"Term\u00e9kek\",\"item\":\"https:\/\/shuttlesfrombudapest.com\/hu\/shop\/\"},{\"@type\":\"ListItem\",\"position\":3,\"name\":\"Budapesti V\u00e1rosn\u00e9z\u00e9s\"}]},{\"@type\":\"WebSite\",\"@id\":\"https:\/\/shuttlesfrombudapest.com\/hu\/#website\",\"url\":\"https:\/\/shuttlesfrombudapest.com\/hu\/\",\"name\":\"Private Airport Transfers, Tours, Packages\",\"description\":\"- Order Today, Travel Tomorrow\",\"potentialAction\":[{\"@type\":\"SearchAction\",\"target\":{\"@type\":\"EntryPoint\",\"urlTemplate\":\"https:\/\/shuttlesfrombudapest.com\/hu\/?s={search_term_string}\"},\"query-input\":{\"@type\":\"PropertyValueSpecification\",\"valueRequired\":true,\"valueName\":\"search_term_string\"}}],\"inLanguage\":\"hu\"}]}<\/script>\n<!-- \/ Yoast SEO plugin. -->","yoast_head_json":{"title":"Budapesti V\u00e1rosn\u00e9z\u00e9s - Private Airport Transfers, Tours, Packages","description":"Budapesti v\u00e1rosn\u00e9z\u00e9s, l\u00e1togassuk meg egy\u00fctt a H\u0151s\u00f6k ter\u00e9t, a Parlament \u00e9p\u00fclet\u00e9t \u00e9s megannyi l\u00e1tnival\u00f3t a magyar f\u0151v\u00e1rosban!","robots":{"index":"index","follow":"follow","max-snippet":"max-snippet:-1","max-image-preview":"max-image-preview:large","max-video-preview":"max-video-preview:-1"},"canonical":"https:\/\/shuttlesfrombudapest.com\/hu\/termek\/budapesti-varosnezes\/","og_locale":"hu_HU","og_type":"article","og_title":"Budapesti V\u00e1rosn\u00e9z\u00e9s - Private Airport Transfers, Tours, Packages","og_description":"Budapesti v\u00e1rosn\u00e9z\u00e9s, l\u00e1togassuk meg egy\u00fctt a H\u0151s\u00f6k ter\u00e9t, a Parlament \u00e9p\u00fclet\u00e9t \u00e9s megannyi l\u00e1tnival\u00f3t a magyar f\u0151v\u00e1rosban!","og_url":"https:\/\/shuttlesfrombudapest.com\/hu\/termek\/budapesti-varosnezes\/","og_site_name":"Private Airport Transfers, Tours, Packages","article_modified_time":"2024-07-29T12:56:30+00:00","og_image":[{"width":500,"height":500,"url":"https:\/\/shuttlesfrombudapest.com\/wp-content\/uploads\/2020\/06\/budapest-sightseeing-tour.jpg","type":"image\/jpeg"}],"twitter_card":"summary_large_image","schema":{"@context":"https:\/\/schema.org","@graph":[{"@type":"WebPage","@id":"https:\/\/shuttlesfrombudapest.com\/hu\/termek\/budapesti-varosnezes\/","url":"https:\/\/shuttlesfrombudapest.com\/hu\/termek\/budapesti-varosnezes\/","name":"Budapesti V\u00e1rosn\u00e9z\u00e9s - Private Airport Transfers, Tours, Packages","isPartOf":{"@id":"https:\/\/shuttlesfrombudapest.com\/hu\/#website"},"primaryImageOfPage":{"@id":"https:\/\/shuttlesfrombudapest.com\/hu\/termek\/budapesti-varosnezes\/#primaryimage"},"image":{"@id":"https:\/\/shuttlesfrombudapest.com\/hu\/termek\/budapesti-varosnezes\/#primaryimage"},"thumbnailUrl":"https:\/\/shuttlesfrombudapest.com\/wp-content\/uploads\/2020\/06\/budapest-sightseeing-tour.jpg","datePublished":"2020-06-21T19:43:07+00:00","dateModified":"2024-07-29T12:56:30+00:00","description":"Budapesti v\u00e1rosn\u00e9z\u00e9s, l\u00e1togassuk meg egy\u00fctt a H\u0151s\u00f6k ter\u00e9t, a Parlament \u00e9p\u00fclet\u00e9t \u00e9s megannyi l\u00e1tnival\u00f3t a magyar f\u0151v\u00e1rosban!","breadcrumb":{"@id":"https:\/\/shuttlesfrombudapest.com\/hu\/termek\/budapesti-varosnezes\/#breadcrumb"},"inLanguage":"hu","potentialAction":[{"@type":"ReadAction","target":["https:\/\/shuttlesfrombudapest.com\/hu\/termek\/budapesti-varosnezes\/"]}]},{"@type":"ImageObject","inLanguage":"hu","@id":"https:\/\/shuttlesfrombudapest.com\/hu\/termek\/budapesti-varosnezes\/#primaryimage","url":"https:\/\/shuttlesfrombudapest.com\/wp-content\/uploads\/2020\/06\/budapest-sightseeing-tour.jpg","contentUrl":"https:\/\/shuttlesfrombudapest.com\/wp-content\/uploads\/2020\/06\/budapest-sightseeing-tour.jpg","width":500,"height":500,"caption":"budapest sightseeing tour"},{"@type":"BreadcrumbList","@id":"https:\/\/shuttlesfrombudapest.com\/hu\/termek\/budapesti-varosnezes\/#breadcrumb","itemListElement":[{"@type":"ListItem","position":1,"name":"Home","item":"https:\/\/shuttlesfrombudapest.com\/hu\/"},{"@type":"ListItem","position":2,"name":"Term\u00e9kek","item":"https:\/\/shuttlesfrombudapest.com\/hu\/shop\/"},{"@type":"ListItem","position":3,"name":"Budapesti V\u00e1rosn\u00e9z\u00e9s"}]},{"@type":"WebSite","@id":"https:\/\/shuttlesfrombudapest.com\/hu\/#website","url":"https:\/\/shuttlesfrombudapest.com\/hu\/","name":"Private Airport Transfers, Tours, Packages","description":"- Order Today, Travel Tomorrow","potentialAction":[{"@type":"SearchAction","target":{"@type":"EntryPoint","urlTemplate":"https:\/\/shuttlesfrombudapest.com\/hu\/?s={search_term_string}"},"query-input":{"@type":"PropertyValueSpecification","valueRequired":true,"valueName":"search_term_string"}}],"inLanguage":"hu"}]}},"_links":{"self":[{"href":"https:\/\/shuttlesfrombudapest.com\/hu\/wp-json\/wp\/v2\/product\/1157","targetHints":{"allow":["GET"]}}],"collection":[{"href":"https:\/\/shuttlesfrombudapest.com\/hu\/wp-json\/wp\/v2\/product"}],"about":[{"href":"https:\/\/shuttlesfrombudapest.com\/hu\/wp-json\/wp\/v2\/types\/product"}],"replies":[{"embeddable":true,"href":"https:\/\/shuttlesfrombudapest.com\/hu\/wp-json\/wp\/v2\/comments?post=1157"}],"wp:featuredmedia":[{"embeddable":true,"href":"https:\/\/shuttlesfrombudapest.com\/hu\/wp-json\/wp\/v2\/media\/671"}],"wp:attachment":[{"href":"https:\/\/shuttlesfrombudapest.com\/hu\/wp-json\/wp\/v2\/media?parent=1157"}],"wp:term":[{"taxonomy":"product_cat","embeddable":true,"href":"https:\/\/shuttlesfrombudapest.com\/hu\/wp-json\/wp\/v2\/product_cat?post=1157"},{"taxonomy":"product_tag","embeddable":true,"href":"https:\/\/shuttlesfrombudapest.com\/hu\/wp-json\/wp\/v2\/product_tag?post=1157"}],"curies":[{"name":"wp","href":"https:\/\/api.w.org\/{rel}","templated":true}]}}