{"id":173,"date":"2020-06-08T19:10:45","date_gmt":"2020-06-08T19:10:45","guid":{"rendered":"https:\/\/shuttlesfrombudapest.com\/test1\/?page_id=173"},"modified":"2020-07-30T10:24:17","modified_gmt":"2020-07-30T10:24:17","slug":"budapesti-repuloteri-transzfer","status":"publish","type":"page","link":"https:\/\/shuttlesfrombudapest.com\/hu\/","title":{"rendered":"Budapesti Rep\u00fcl\u0151t\u00e9ri Transzfer"},"content":{"rendered":"","protected":false},"excerpt":{"rendered":"","protected":false},"author":1,"featured_media":0,"parent":0,"menu_order":0,"comment_status":"closed","ping_status":"closed","template":"","meta":{"footnotes":""},"class_list":["post-173","page","type-page","status-publish","hentry","prodpage-classic"],"yoast_head":"<!-- This site is optimized with the Yoast SEO plugin v24.0 - https:\/\/yoast.com\/wordpress\/plugins\/seo\/ -->\n<title>Budapesti Rep\u00fcl\u0151t\u00e9ri Transzfer - Private Airport Transfers, Tours, Packages<\/title>\n<meta name=\"description\" content=\"Budapest Rep\u00fcl\u0151t\u00e9ri Transzfer magas sz\u00ednvonalon, pr\u00e9mium min\u0151s\u00e9g\u0171 aut\u00f3kkal, tapasztalt sof\u0151r\u00f6kkel.! Ha \u00f6nnek is fontos a min\u0151s\u00e9g \u00e9s a megb\u00edzhat\u00f3s\u00e1g!\" \/>\n<meta name=\"robots\" content=\"index, follow, max-snippet:-1, max-image-preview:large, max-video-preview:-1\" \/>\n<link rel=\"canonical\" href=\"https:\/\/shuttlesfrombudapest.com\/hu\/\" \/>\n<meta property=\"og:locale\" content=\"hu_HU\" \/>\n<meta property=\"og:type\" content=\"article\" \/>\n<meta property=\"og:title\" content=\"Budapesti Rep\u00fcl\u0151t\u00e9ri Transzfer - Private Airport Transfers, Tours, Packages\" \/>\n<meta property=\"og:description\" content=\"Budapest Rep\u00fcl\u0151t\u00e9ri Transzfer magas sz\u00ednvonalon, pr\u00e9mium min\u0151s\u00e9g\u0171 aut\u00f3kkal, tapasztalt sof\u0151r\u00f6kkel.! Ha \u00f6nnek is fontos a min\u0151s\u00e9g \u00e9s a megb\u00edzhat\u00f3s\u00e1g!\" \/>\n<meta property=\"og:url\" content=\"https:\/\/shuttlesfrombudapest.com\/hu\/\" \/>\n<meta property=\"og:site_name\" content=\"Private Airport Transfers, Tours, Packages\" \/>\n<meta property=\"article:modified_time\" content=\"2020-07-30T10:24:17+00:00\" \/>\n<meta name=\"twitter:card\" content=\"summary_large_image\" \/>\n<script type=\"application\/ld+json\" class=\"yoast-schema-graph\">{\"@context\":\"https:\/\/schema.org\",\"@graph\":[{\"@type\":\"WebPage\",\"@id\":\"https:\/\/shuttlesfrombudapest.com\/hu\/\",\"url\":\"https:\/\/shuttlesfrombudapest.com\/hu\/\",\"name\":\"Budapesti Rep\u00fcl\u0151t\u00e9ri Transzfer - Private Airport Transfers, Tours, Packages\",\"isPartOf\":{\"@id\":\"https:\/\/shuttlesfrombudapest.com\/hu\/#website\"},\"datePublished\":\"2020-06-08T19:10:45+00:00\",\"dateModified\":\"2020-07-30T10:24:17+00:00\",\"description\":\"Budapest Rep\u00fcl\u0151t\u00e9ri Transzfer magas sz\u00ednvonalon, pr\u00e9mium min\u0151s\u00e9g\u0171 aut\u00f3kkal, tapasztalt sof\u0151r\u00f6kkel.! Ha \u00f6nnek is fontos a min\u0151s\u00e9g \u00e9s a megb\u00edzhat\u00f3s\u00e1g!\",\"breadcrumb\":{\"@id\":\"https:\/\/shuttlesfrombudapest.com\/hu\/#breadcrumb\"},\"inLanguage\":\"hu\",\"potentialAction\":[{\"@type\":\"ReadAction\",\"target\":[\"https:\/\/shuttlesfrombudapest.com\/hu\/\"]}]},{\"@type\":\"BreadcrumbList\",\"@id\":\"https:\/\/shuttlesfrombudapest.com\/hu\/#breadcrumb\",\"itemListElement\":[{\"@type\":\"ListItem\",\"position\":1,\"name\":\"Home\",\"item\":\"https:\/\/shuttlesfrombudapest.com\/hu\/\"},{\"@type\":\"ListItem\",\"position\":2,\"name\":\"Budapesti Rep\u00fcl\u0151t\u00e9ri Transzfer\"}]},{\"@type\":\"WebSite\",\"@id\":\"https:\/\/shuttlesfrombudapest.com\/hu\/#website\",\"url\":\"https:\/\/shuttlesfrombudapest.com\/hu\/\",\"name\":\"Private Airport Transfers, Tours, Packages\",\"description\":\"- Order Today, Travel Tomorrow\",\"potentialAction\":[{\"@type\":\"SearchAction\",\"target\":{\"@type\":\"EntryPoint\",\"urlTemplate\":\"https:\/\/shuttlesfrombudapest.com\/hu\/?s={search_term_string}\"},\"query-input\":{\"@type\":\"PropertyValueSpecification\",\"valueRequired\":true,\"valueName\":\"search_term_string\"}}],\"inLanguage\":\"hu\"}]}<\/script>\n<!-- \/ Yoast SEO plugin. -->","yoast_head_json":{"title":"Budapesti Rep\u00fcl\u0151t\u00e9ri Transzfer - Private Airport Transfers, Tours, Packages","description":"Budapest Rep\u00fcl\u0151t\u00e9ri Transzfer magas sz\u00ednvonalon, pr\u00e9mium min\u0151s\u00e9g\u0171 aut\u00f3kkal, tapasztalt sof\u0151r\u00f6kkel.! Ha \u00f6nnek is fontos a min\u0151s\u00e9g \u00e9s a megb\u00edzhat\u00f3s\u00e1g!","robots":{"index":"index","follow":"follow","max-snippet":"max-snippet:-1","max-image-preview":"max-image-preview:large","max-video-preview":"max-video-preview:-1"},"canonical":"https:\/\/shuttlesfrombudapest.com\/hu\/","og_locale":"hu_HU","og_type":"article","og_title":"Budapesti Rep\u00fcl\u0151t\u00e9ri Transzfer - Private Airport Transfers, Tours, Packages","og_description":"Budapest Rep\u00fcl\u0151t\u00e9ri Transzfer magas sz\u00ednvonalon, pr\u00e9mium min\u0151s\u00e9g\u0171 aut\u00f3kkal, tapasztalt sof\u0151r\u00f6kkel.! Ha \u00f6nnek is fontos a min\u0151s\u00e9g \u00e9s a megb\u00edzhat\u00f3s\u00e1g!","og_url":"https:\/\/shuttlesfrombudapest.com\/hu\/","og_site_name":"Private Airport Transfers, Tours, Packages","article_modified_time":"2020-07-30T10:24:17+00:00","twitter_card":"summary_large_image","schema":{"@context":"https:\/\/schema.org","@graph":[{"@type":"WebPage","@id":"https:\/\/shuttlesfrombudapest.com\/hu\/","url":"https:\/\/shuttlesfrombudapest.com\/hu\/","name":"Budapesti Rep\u00fcl\u0151t\u00e9ri Transzfer - Private Airport Transfers, Tours, Packages","isPartOf":{"@id":"https:\/\/shuttlesfrombudapest.com\/hu\/#website"},"datePublished":"2020-06-08T19:10:45+00:00","dateModified":"2020-07-30T10:24:17+00:00","description":"Budapest Rep\u00fcl\u0151t\u00e9ri Transzfer magas sz\u00ednvonalon, pr\u00e9mium min\u0151s\u00e9g\u0171 aut\u00f3kkal, tapasztalt sof\u0151r\u00f6kkel.! Ha \u00f6nnek is fontos a min\u0151s\u00e9g \u00e9s a megb\u00edzhat\u00f3s\u00e1g!","breadcrumb":{"@id":"https:\/\/shuttlesfrombudapest.com\/hu\/#breadcrumb"},"inLanguage":"hu","potentialAction":[{"@type":"ReadAction","target":["https:\/\/shuttlesfrombudapest.com\/hu\/"]}]},{"@type":"BreadcrumbList","@id":"https:\/\/shuttlesfrombudapest.com\/hu\/#breadcrumb","itemListElement":[{"@type":"ListItem","position":1,"name":"Home","item":"https:\/\/shuttlesfrombudapest.com\/hu\/"},{"@type":"ListItem","position":2,"name":"Budapesti Rep\u00fcl\u0151t\u00e9ri Transzfer"}]},{"@type":"WebSite","@id":"https:\/\/shuttlesfrombudapest.com\/hu\/#website","url":"https:\/\/shuttlesfrombudapest.com\/hu\/","name":"Private Airport Transfers, Tours, Packages","description":"- Order Today, Travel Tomorrow","potentialAction":[{"@type":"SearchAction","target":{"@type":"EntryPoint","urlTemplate":"https:\/\/shuttlesfrombudapest.com\/hu\/?s={search_term_string}"},"query-input":{"@type":"PropertyValueSpecification","valueRequired":true,"valueName":"search_term_string"}}],"inLanguage":"hu"}]}},"_links":{"self":[{"href":"https:\/\/shuttlesfrombudapest.com\/hu\/wp-json\/wp\/v2\/pages\/173","targetHints":{"allow":["GET"]}}],"collection":[{"href":"https:\/\/shuttlesfrombudapest.com\/hu\/wp-json\/wp\/v2\/pages"}],"about":[{"href":"https:\/\/shuttlesfrombudapest.com\/hu\/wp-json\/wp\/v2\/types\/page"}],"author":[{"embeddable":true,"href":"https:\/\/shuttlesfrombudapest.com\/hu\/wp-json\/wp\/v2\/users\/1"}],"replies":[{"embeddable":true,"href":"https:\/\/shuttlesfrombudapest.com\/hu\/wp-json\/wp\/v2\/comments?post=173"}],"version-history":[{"count":0,"href":"https:\/\/shuttlesfrombudapest.com\/hu\/wp-json\/wp\/v2\/pages\/173\/revisions"}],"wp:attachment":[{"href":"https:\/\/shuttlesfrombudapest.com\/hu\/wp-json\/wp\/v2\/media?parent=173"}],"curies":[{"name":"wp","href":"https:\/\/api.w.org\/{rel}","templated":true}]}}