{"id":1453,"date":"2020-08-25T18:56:44","date_gmt":"2020-08-25T18:56:44","guid":{"rendered":"https:\/\/shuttlesfrombudapest.com\/?page_id=1453"},"modified":"2020-08-25T19:17:28","modified_gmt":"2020-08-25T19:17:28","slug":"budapest-repuloteri-transzfer","status":"publish","type":"page","link":"https:\/\/shuttlesfrombudapest.com\/hu\/budapest-repuloteri-transzfer\/","title":{"rendered":"Budapest rep\u00fcl\u0151t\u00e9ri transzfer"},"content":{"rendered":"","protected":false},"excerpt":{"rendered":"","protected":false},"author":1,"featured_media":46,"parent":0,"menu_order":0,"comment_status":"closed","ping_status":"closed","template":"","meta":{"footnotes":""},"class_list":["post-1453","page","type-page","status-publish","has-post-thumbnail","hentry","prodpage-classic"],"yoast_head":"<!-- This site is optimized with the Yoast SEO plugin v24.0 - https:\/\/yoast.com\/wordpress\/plugins\/seo\/ -->\n<title>Budapest rep\u00fcl\u0151t\u00e9ri transzfer - Private Airport Transfers, Tours, Packages<\/title>\n<meta name=\"robots\" content=\"index, follow, max-snippet:-1, max-image-preview:large, max-video-preview:-1\" \/>\n<link rel=\"canonical\" href=\"https:\/\/shuttlesfrombudapest.com\/hu\/budapest-repuloteri-transzfer\/\" \/>\n<meta property=\"og:locale\" content=\"hu_HU\" \/>\n<meta property=\"og:type\" content=\"article\" \/>\n<meta property=\"og:title\" content=\"Budapest rep\u00fcl\u0151t\u00e9ri transzfer - Private Airport Transfers, Tours, Packages\" \/>\n<meta property=\"og:url\" content=\"https:\/\/shuttlesfrombudapest.com\/hu\/budapest-repuloteri-transzfer\/\" \/>\n<meta property=\"og:site_name\" content=\"Private Airport Transfers, Tours, Packages\" \/>\n<meta property=\"article:modified_time\" content=\"2020-08-25T19:17:28+00:00\" \/>\n<meta property=\"og:image\" content=\"https:\/\/shuttlesfrombudapest.com\/wp-content\/uploads\/2018\/08\/budapest-airport-transfer.jpg\" \/>\n\t<meta property=\"og:image:width\" content=\"800\" \/>\n\t<meta property=\"og:image:height\" content=\"427\" \/>\n\t<meta property=\"og:image:type\" content=\"image\/jpeg\" \/>\n<meta name=\"twitter:card\" content=\"summary_large_image\" \/>\n<script type=\"application\/ld+json\" class=\"yoast-schema-graph\">{\"@context\":\"https:\/\/schema.org\",\"@graph\":[{\"@type\":\"WebPage\",\"@id\":\"https:\/\/shuttlesfrombudapest.com\/hu\/budapest-repuloteri-transzfer\/\",\"url\":\"https:\/\/shuttlesfrombudapest.com\/hu\/budapest-repuloteri-transzfer\/\",\"name\":\"Budapest rep\u00fcl\u0151t\u00e9ri transzfer - Private Airport Transfers, Tours, Packages\",\"isPartOf\":{\"@id\":\"https:\/\/shuttlesfrombudapest.com\/hu\/#website\"},\"primaryImageOfPage\":{\"@id\":\"https:\/\/shuttlesfrombudapest.com\/hu\/budapest-repuloteri-transzfer\/#primaryimage\"},\"image\":{\"@id\":\"https:\/\/shuttlesfrombudapest.com\/hu\/budapest-repuloteri-transzfer\/#primaryimage\"},\"thumbnailUrl\":\"https:\/\/shuttlesfrombudapest.com\/wp-content\/uploads\/2018\/08\/budapest-airport-transfer.jpg\",\"datePublished\":\"2020-08-25T18:56:44+00:00\",\"dateModified\":\"2020-08-25T19:17:28+00:00\",\"breadcrumb\":{\"@id\":\"https:\/\/shuttlesfrombudapest.com\/hu\/budapest-repuloteri-transzfer\/#breadcrumb\"},\"inLanguage\":\"hu\",\"potentialAction\":[{\"@type\":\"ReadAction\",\"target\":[\"https:\/\/shuttlesfrombudapest.com\/hu\/budapest-repuloteri-transzfer\/\"]}]},{\"@type\":\"ImageObject\",\"inLanguage\":\"hu\",\"@id\":\"https:\/\/shuttlesfrombudapest.com\/hu\/budapest-repuloteri-transzfer\/#primaryimage\",\"url\":\"https:\/\/shuttlesfrombudapest.com\/wp-content\/uploads\/2018\/08\/budapest-airport-transfer.jpg\",\"contentUrl\":\"https:\/\/shuttlesfrombudapest.com\/wp-content\/uploads\/2018\/08\/budapest-airport-transfer.jpg\",\"width\":800,\"height\":427,\"caption\":\"budapest-airport-transfer\"},{\"@type\":\"BreadcrumbList\",\"@id\":\"https:\/\/shuttlesfrombudapest.com\/hu\/budapest-repuloteri-transzfer\/#breadcrumb\",\"itemListElement\":[{\"@type\":\"ListItem\",\"position\":1,\"name\":\"Home\",\"item\":\"https:\/\/shuttlesfrombudapest.com\/hu\/\"},{\"@type\":\"ListItem\",\"position\":2,\"name\":\"Budapest rep\u00fcl\u0151t\u00e9ri transzfer\"}]},{\"@type\":\"WebSite\",\"@id\":\"https:\/\/shuttlesfrombudapest.com\/hu\/#website\",\"url\":\"https:\/\/shuttlesfrombudapest.com\/hu\/\",\"name\":\"Private Airport Transfers, Tours, Packages\",\"description\":\"- Order Today, Travel Tomorrow\",\"potentialAction\":[{\"@type\":\"SearchAction\",\"target\":{\"@type\":\"EntryPoint\",\"urlTemplate\":\"https:\/\/shuttlesfrombudapest.com\/hu\/?s={search_term_string}\"},\"query-input\":{\"@type\":\"PropertyValueSpecification\",\"valueRequired\":true,\"valueName\":\"search_term_string\"}}],\"inLanguage\":\"hu\"}]}<\/script>\n<!-- \/ Yoast SEO plugin. -->","yoast_head_json":{"title":"Budapest rep\u00fcl\u0151t\u00e9ri transzfer - Private Airport Transfers, Tours, Packages","robots":{"index":"index","follow":"follow","max-snippet":"max-snippet:-1","max-image-preview":"max-image-preview:large","max-video-preview":"max-video-preview:-1"},"canonical":"https:\/\/shuttlesfrombudapest.com\/hu\/budapest-repuloteri-transzfer\/","og_locale":"hu_HU","og_type":"article","og_title":"Budapest rep\u00fcl\u0151t\u00e9ri transzfer - Private Airport Transfers, Tours, Packages","og_url":"https:\/\/shuttlesfrombudapest.com\/hu\/budapest-repuloteri-transzfer\/","og_site_name":"Private Airport Transfers, Tours, Packages","article_modified_time":"2020-08-25T19:17:28+00:00","og_image":[{"width":800,"height":427,"url":"https:\/\/shuttlesfrombudapest.com\/wp-content\/uploads\/2018\/08\/budapest-airport-transfer.jpg","type":"image\/jpeg"}],"twitter_card":"summary_large_image","schema":{"@context":"https:\/\/schema.org","@graph":[{"@type":"WebPage","@id":"https:\/\/shuttlesfrombudapest.com\/hu\/budapest-repuloteri-transzfer\/","url":"https:\/\/shuttlesfrombudapest.com\/hu\/budapest-repuloteri-transzfer\/","name":"Budapest rep\u00fcl\u0151t\u00e9ri transzfer - Private Airport Transfers, Tours, Packages","isPartOf":{"@id":"https:\/\/shuttlesfrombudapest.com\/hu\/#website"},"primaryImageOfPage":{"@id":"https:\/\/shuttlesfrombudapest.com\/hu\/budapest-repuloteri-transzfer\/#primaryimage"},"image":{"@id":"https:\/\/shuttlesfrombudapest.com\/hu\/budapest-repuloteri-transzfer\/#primaryimage"},"thumbnailUrl":"https:\/\/shuttlesfrombudapest.com\/wp-content\/uploads\/2018\/08\/budapest-airport-transfer.jpg","datePublished":"2020-08-25T18:56:44+00:00","dateModified":"2020-08-25T19:17:28+00:00","breadcrumb":{"@id":"https:\/\/shuttlesfrombudapest.com\/hu\/budapest-repuloteri-transzfer\/#breadcrumb"},"inLanguage":"hu","potentialAction":[{"@type":"ReadAction","target":["https:\/\/shuttlesfrombudapest.com\/hu\/budapest-repuloteri-transzfer\/"]}]},{"@type":"ImageObject","inLanguage":"hu","@id":"https:\/\/shuttlesfrombudapest.com\/hu\/budapest-repuloteri-transzfer\/#primaryimage","url":"https:\/\/shuttlesfrombudapest.com\/wp-content\/uploads\/2018\/08\/budapest-airport-transfer.jpg","contentUrl":"https:\/\/shuttlesfrombudapest.com\/wp-content\/uploads\/2018\/08\/budapest-airport-transfer.jpg","width":800,"height":427,"caption":"budapest-airport-transfer"},{"@type":"BreadcrumbList","@id":"https:\/\/shuttlesfrombudapest.com\/hu\/budapest-repuloteri-transzfer\/#breadcrumb","itemListElement":[{"@type":"ListItem","position":1,"name":"Home","item":"https:\/\/shuttlesfrombudapest.com\/hu\/"},{"@type":"ListItem","position":2,"name":"Budapest rep\u00fcl\u0151t\u00e9ri transzfer"}]},{"@type":"WebSite","@id":"https:\/\/shuttlesfrombudapest.com\/hu\/#website","url":"https:\/\/shuttlesfrombudapest.com\/hu\/","name":"Private Airport Transfers, Tours, Packages","description":"- Order Today, Travel Tomorrow","potentialAction":[{"@type":"SearchAction","target":{"@type":"EntryPoint","urlTemplate":"https:\/\/shuttlesfrombudapest.com\/hu\/?s={search_term_string}"},"query-input":{"@type":"PropertyValueSpecification","valueRequired":true,"valueName":"search_term_string"}}],"inLanguage":"hu"}]}},"_links":{"self":[{"href":"https:\/\/shuttlesfrombudapest.com\/hu\/wp-json\/wp\/v2\/pages\/1453","targetHints":{"allow":["GET"]}}],"collection":[{"href":"https:\/\/shuttlesfrombudapest.com\/hu\/wp-json\/wp\/v2\/pages"}],"about":[{"href":"https:\/\/shuttlesfrombudapest.com\/hu\/wp-json\/wp\/v2\/types\/page"}],"author":[{"embeddable":true,"href":"https:\/\/shuttlesfrombudapest.com\/hu\/wp-json\/wp\/v2\/users\/1"}],"replies":[{"embeddable":true,"href":"https:\/\/shuttlesfrombudapest.com\/hu\/wp-json\/wp\/v2\/comments?post=1453"}],"version-history":[{"count":0,"href":"https:\/\/shuttlesfrombudapest.com\/hu\/wp-json\/wp\/v2\/pages\/1453\/revisions"}],"wp:featuredmedia":[{"embeddable":true,"href":"https:\/\/shuttlesfrombudapest.com\/hu\/wp-json\/wp\/v2\/media\/46"}],"wp:attachment":[{"href":"https:\/\/shuttlesfrombudapest.com\/hu\/wp-json\/wp\/v2\/media?parent=1453"}],"curies":[{"name":"wp","href":"https:\/\/api.w.org\/{rel}","templated":true}]}}