{"id":1279,"date":"2020-07-26T14:09:25","date_gmt":"2020-07-26T14:09:25","guid":{"rendered":"https:\/\/shuttlesfrombudapest.com\/?page_id=1279"},"modified":"2020-07-26T14:54:50","modified_gmt":"2020-07-26T14:54:50","slug":"esti-dunai-hajozas-budapesten","status":"publish","type":"page","link":"https:\/\/shuttlesfrombudapest.com\/hu\/esti-dunai-hajozas-budapesten\/","title":{"rendered":"Esti Dunai Haj\u00f3z\u00e1s Budapesten"},"content":{"rendered":"","protected":false},"excerpt":{"rendered":"","protected":false},"author":1,"featured_media":0,"parent":0,"menu_order":0,"comment_status":"closed","ping_status":"closed","template":"","meta":{"footnotes":""},"class_list":["post-1279","page","type-page","status-publish","hentry","prodpage-classic"],"yoast_head":"<!-- This site is optimized with the Yoast SEO plugin v24.0 - https:\/\/yoast.com\/wordpress\/plugins\/seo\/ -->\n<title>Esti Dunai Haj\u00f3z\u00e1s Budapesten - Private Airport Transfers, Tours, Packages<\/title>\n<meta name=\"description\" content=\"Esti Dunai Haj\u00f3z\u00e1s Budapesten - V\u00e1lasszon szolg\u00e1ltat\u00f3t f\u0151v\u00e1rosunk legjobb haj\u00f3s programjai k\u00f6z\u00fcl, Silverline Cruises, Legenda Boat Tours, Hung\u00e1ria Koncert\" \/>\n<meta name=\"robots\" content=\"index, follow, max-snippet:-1, max-image-preview:large, max-video-preview:-1\" \/>\n<link rel=\"canonical\" href=\"https:\/\/shuttlesfrombudapest.com\/hu\/esti-dunai-hajozas-budapesten\/\" \/>\n<meta property=\"og:locale\" content=\"hu_HU\" \/>\n<meta property=\"og:type\" content=\"article\" \/>\n<meta property=\"og:title\" content=\"Esti Dunai Haj\u00f3z\u00e1s Budapesten - Private Airport Transfers, Tours, Packages\" \/>\n<meta property=\"og:description\" content=\"Esti Dunai Haj\u00f3z\u00e1s Budapesten - V\u00e1lasszon szolg\u00e1ltat\u00f3t f\u0151v\u00e1rosunk legjobb haj\u00f3s programjai k\u00f6z\u00fcl, Silverline Cruises, Legenda Boat Tours, Hung\u00e1ria Koncert\" \/>\n<meta property=\"og:url\" content=\"https:\/\/shuttlesfrombudapest.com\/hu\/esti-dunai-hajozas-budapesten\/\" \/>\n<meta property=\"og:site_name\" content=\"Private Airport Transfers, Tours, Packages\" \/>\n<meta property=\"article:modified_time\" content=\"2020-07-26T14:54:50+00:00\" \/>\n<meta name=\"twitter:card\" content=\"summary_large_image\" \/>\n<script type=\"application\/ld+json\" class=\"yoast-schema-graph\">{\"@context\":\"https:\/\/schema.org\",\"@graph\":[{\"@type\":\"WebPage\",\"@id\":\"https:\/\/shuttlesfrombudapest.com\/hu\/esti-dunai-hajozas-budapesten\/\",\"url\":\"https:\/\/shuttlesfrombudapest.com\/hu\/esti-dunai-hajozas-budapesten\/\",\"name\":\"Esti Dunai Haj\u00f3z\u00e1s Budapesten - Private Airport Transfers, Tours, Packages\",\"isPartOf\":{\"@id\":\"https:\/\/shuttlesfrombudapest.com\/hu\/#website\"},\"datePublished\":\"2020-07-26T14:09:25+00:00\",\"dateModified\":\"2020-07-26T14:54:50+00:00\",\"description\":\"Esti Dunai Haj\u00f3z\u00e1s Budapesten - V\u00e1lasszon szolg\u00e1ltat\u00f3t f\u0151v\u00e1rosunk legjobb haj\u00f3s programjai k\u00f6z\u00fcl, Silverline Cruises, Legenda Boat Tours, Hung\u00e1ria Koncert\",\"breadcrumb\":{\"@id\":\"https:\/\/shuttlesfrombudapest.com\/hu\/esti-dunai-hajozas-budapesten\/#breadcrumb\"},\"inLanguage\":\"hu\",\"potentialAction\":[{\"@type\":\"ReadAction\",\"target\":[\"https:\/\/shuttlesfrombudapest.com\/hu\/esti-dunai-hajozas-budapesten\/\"]}]},{\"@type\":\"BreadcrumbList\",\"@id\":\"https:\/\/shuttlesfrombudapest.com\/hu\/esti-dunai-hajozas-budapesten\/#breadcrumb\",\"itemListElement\":[{\"@type\":\"ListItem\",\"position\":1,\"name\":\"Home\",\"item\":\"https:\/\/shuttlesfrombudapest.com\/hu\/\"},{\"@type\":\"ListItem\",\"position\":2,\"name\":\"Esti Dunai Haj\u00f3z\u00e1s Budapesten\"}]},{\"@type\":\"WebSite\",\"@id\":\"https:\/\/shuttlesfrombudapest.com\/hu\/#website\",\"url\":\"https:\/\/shuttlesfrombudapest.com\/hu\/\",\"name\":\"Private Airport Transfers, Tours, Packages\",\"description\":\"- Order Today, Travel Tomorrow\",\"potentialAction\":[{\"@type\":\"SearchAction\",\"target\":{\"@type\":\"EntryPoint\",\"urlTemplate\":\"https:\/\/shuttlesfrombudapest.com\/hu\/?s={search_term_string}\"},\"query-input\":{\"@type\":\"PropertyValueSpecification\",\"valueRequired\":true,\"valueName\":\"search_term_string\"}}],\"inLanguage\":\"hu\"}]}<\/script>\n<!-- \/ Yoast SEO plugin. -->","yoast_head_json":{"title":"Esti Dunai Haj\u00f3z\u00e1s Budapesten - Private Airport Transfers, Tours, Packages","description":"Esti Dunai Haj\u00f3z\u00e1s Budapesten - V\u00e1lasszon szolg\u00e1ltat\u00f3t f\u0151v\u00e1rosunk legjobb haj\u00f3s programjai k\u00f6z\u00fcl, Silverline Cruises, Legenda Boat Tours, Hung\u00e1ria Koncert","robots":{"index":"index","follow":"follow","max-snippet":"max-snippet:-1","max-image-preview":"max-image-preview:large","max-video-preview":"max-video-preview:-1"},"canonical":"https:\/\/shuttlesfrombudapest.com\/hu\/esti-dunai-hajozas-budapesten\/","og_locale":"hu_HU","og_type":"article","og_title":"Esti Dunai Haj\u00f3z\u00e1s Budapesten - Private Airport Transfers, Tours, Packages","og_description":"Esti Dunai Haj\u00f3z\u00e1s Budapesten - V\u00e1lasszon szolg\u00e1ltat\u00f3t f\u0151v\u00e1rosunk legjobb haj\u00f3s programjai k\u00f6z\u00fcl, Silverline Cruises, Legenda Boat Tours, Hung\u00e1ria Koncert","og_url":"https:\/\/shuttlesfrombudapest.com\/hu\/esti-dunai-hajozas-budapesten\/","og_site_name":"Private Airport Transfers, Tours, Packages","article_modified_time":"2020-07-26T14:54:50+00:00","twitter_card":"summary_large_image","schema":{"@context":"https:\/\/schema.org","@graph":[{"@type":"WebPage","@id":"https:\/\/shuttlesfrombudapest.com\/hu\/esti-dunai-hajozas-budapesten\/","url":"https:\/\/shuttlesfrombudapest.com\/hu\/esti-dunai-hajozas-budapesten\/","name":"Esti Dunai Haj\u00f3z\u00e1s Budapesten - Private Airport Transfers, Tours, Packages","isPartOf":{"@id":"https:\/\/shuttlesfrombudapest.com\/hu\/#website"},"datePublished":"2020-07-26T14:09:25+00:00","dateModified":"2020-07-26T14:54:50+00:00","description":"Esti Dunai Haj\u00f3z\u00e1s Budapesten - V\u00e1lasszon szolg\u00e1ltat\u00f3t f\u0151v\u00e1rosunk legjobb haj\u00f3s programjai k\u00f6z\u00fcl, Silverline Cruises, Legenda Boat Tours, Hung\u00e1ria Koncert","breadcrumb":{"@id":"https:\/\/shuttlesfrombudapest.com\/hu\/esti-dunai-hajozas-budapesten\/#breadcrumb"},"inLanguage":"hu","potentialAction":[{"@type":"ReadAction","target":["https:\/\/shuttlesfrombudapest.com\/hu\/esti-dunai-hajozas-budapesten\/"]}]},{"@type":"BreadcrumbList","@id":"https:\/\/shuttlesfrombudapest.com\/hu\/esti-dunai-hajozas-budapesten\/#breadcrumb","itemListElement":[{"@type":"ListItem","position":1,"name":"Home","item":"https:\/\/shuttlesfrombudapest.com\/hu\/"},{"@type":"ListItem","position":2,"name":"Esti Dunai Haj\u00f3z\u00e1s Budapesten"}]},{"@type":"WebSite","@id":"https:\/\/shuttlesfrombudapest.com\/hu\/#website","url":"https:\/\/shuttlesfrombudapest.com\/hu\/","name":"Private Airport Transfers, Tours, Packages","description":"- Order Today, Travel Tomorrow","potentialAction":[{"@type":"SearchAction","target":{"@type":"EntryPoint","urlTemplate":"https:\/\/shuttlesfrombudapest.com\/hu\/?s={search_term_string}"},"query-input":{"@type":"PropertyValueSpecification","valueRequired":true,"valueName":"search_term_string"}}],"inLanguage":"hu"}]}},"_links":{"self":[{"href":"https:\/\/shuttlesfrombudapest.com\/hu\/wp-json\/wp\/v2\/pages\/1279","targetHints":{"allow":["GET"]}}],"collection":[{"href":"https:\/\/shuttlesfrombudapest.com\/hu\/wp-json\/wp\/v2\/pages"}],"about":[{"href":"https:\/\/shuttlesfrombudapest.com\/hu\/wp-json\/wp\/v2\/types\/page"}],"author":[{"embeddable":true,"href":"https:\/\/shuttlesfrombudapest.com\/hu\/wp-json\/wp\/v2\/users\/1"}],"replies":[{"embeddable":true,"href":"https:\/\/shuttlesfrombudapest.com\/hu\/wp-json\/wp\/v2\/comments?post=1279"}],"version-history":[{"count":0,"href":"https:\/\/shuttlesfrombudapest.com\/hu\/wp-json\/wp\/v2\/pages\/1279\/revisions"}],"wp:attachment":[{"href":"https:\/\/shuttlesfrombudapest.com\/hu\/wp-json\/wp\/v2\/media?parent=1279"}],"curies":[{"name":"wp","href":"https:\/\/api.w.org\/{rel}","templated":true}]}}